{"id":39392,"date":"2022-11-04T14:46:23","date_gmt":"2022-11-04T14:46:23","guid":{"rendered":"https:\/\/pedacosdecacau.pt\/sin categor\u00eda\/tableta-de-100g-naranja-y-nueces\/"},"modified":"2022-11-04T14:46:23","modified_gmt":"2022-11-04T14:46:23","slug":"tableta-de-100g-naranja-y-nueces","status":"publish","type":"product","link":"https:\/\/pedacosdecacau.pt\/es\/tabletas\/tableta-de-100g-naranja-y-nueces\/","title":{"rendered":"Tableta de 100g &#8211; Naranja y nueces"},"content":{"rendered":"<p>Nuestra Tableta de Chocolate Negro Vegano con Naranja y Nuez es la combinaci\u00f3n de un cl\u00e1sico atemporal: chocolate y naranja, con un toque crujiente que conquista por su textura y la excelencia de los ingredientes.<\/p>\n<ul>\n<li>100g de chocolate negro (72% de cacao) con cobertura de Naranja y Nuez.<\/li>\n<li>Premiada en el Concurso Nacional de Chocolates Tradicionales 2017 (Medalla de Plata).<\/li>\n<li>Fabricaci\u00f3n artesanal<\/li>\n<li>Sin conservantes<\/li>\n<li>Chocolate Vegano.<\/li>\n<\/ul>\n","protected":false},"excerpt":{"rendered":"<p>Esta tableta combina el chocolate negro (72% de cacao) con naranja, convirti\u00e9ndose en un cl\u00e1sico atemporal con el toque crujiente de la nuez. La prueba de ello es la Medalla de Plata que obtuvo en el Concurso Nacional de Chocolates Tradicionales en 2017. Adem\u00e1s de ser una excelente opci\u00f3n por s\u00ed sola, la Tableta de Chocolate Negro con Naranja y Nuez tambi\u00e9n puede ser la base para un <a href=\"https:\/\/pedacosdecacau.pt\/pinheirinhos-brownie-de-laranja-e-noz\/\">brownie<\/a> sorprendente.<\/p>\n<p>Al igual que el resto de la colecci\u00f3n, esta tableta est\u00e1 elaborada y decorada de forma artesanal, utilizando ingredientes de alta calidad.<\/p>\n<p>&nbsp;<\/p>\n<h3><strong>Conoce todas nuestras tabletas de chocolate negro vegano artesanales.<\/strong><\/h3>\n<ul>\n<li>Coco y Almendra.<\/li>\n<li>Naranja y Nuez<\/li>\n<li>Pimenta-rosa;<\/li>\n<li>Guindilla y Flor de Sal.<\/li>\n<li>Jengibre y Canela.<\/li>\n<li>Menta piperita<\/li>\n<li>Caf\u00e9 de Etiop\u00eda<\/li>\n<li>Pepitas de cacao.<\/li>\n<li>Caf\u00e9 y Flor de Sal.<\/li>\n<li>Albahaca<\/li>\n<li>Goji<\/li>\n<\/ul>\n<p>&nbsp;<\/p>\n<p>Si te resulta dif\u00edcil elegir&#8230; \u00bfQu\u00e9 te parece una degustaci\u00f3n para intentar descubrir tu favorita?<\/p>\n<p>Elige uno de nuestros kits de degustaci\u00f3n, cada uno con cinco tabletas artesanales de chocolate negro diferentes, y sigue <a href=\"https:\/\/pedacosdecacau.pt\/como-degustar-um-bom-chocolate\/\">estos consejos<\/a>.<\/p>\n<p>\u00a1Despu\u00e9s cu\u00e9ntanos cu\u00e1l fue el resultado!<\/p>\n<p><strong> <\/strong><\/p>\n<h3><strong>CHOCOLATE VEGANO<\/strong><\/h3>\n<p>Todas nuestras tabletas son veganas Son libres de ingredientes de origen animal y no se realizan pruebas en animales.<\/p>\n<p>Nuestras tabletas son elaboradas de forma artesanal, con mucho amor y cari\u00f1o, sin colorantes ni conservantes, lo que les confiere un sabor \u00fanico e inimitable. Nuestros bombones cuentan con el <a href=\"https:\/\/portugalsoueu.pt\/pt\/o-selo\">sello Portugal Sou Eu<\/a>.<\/p>\n<p>&nbsp;<\/p>\n<h3>Declaraci\u00f3n Nutricional<\/h3>\n<p>Declaraci\u00f3n nutricional por 100g<\/p>\n<p>Valor energ\u00e9tico: 2184 KJ \/ 526 Kcal<br \/>\nL\u00edpidos: 38,2g<br \/>\nde los cuales saturados: 24g<br \/>\nHidratos de carbono: 33g<br \/>\nde los cuales az\u00facares: 28g<br \/>\nFibra: 12g<br \/>\nProte\u00ednas: 7,8g<br \/>\nSal: 0,1g<\/p>\n<p>&nbsp;<\/p>\n<h3> Peso Neto Aproximado<\/h3>\n<p>100g<\/p>\n","protected":false},"featured_media":38477,"comment_status":"open","ping_status":"closed","template":"","meta":{"inline_featured_image":false},"product_brand":[],"product_cat":[756],"product_tag":[786,787,788,763,783,784,785],"class_list":{"0":"post-39392","1":"product","2":"type-product","3":"status-publish","4":"has-post-thumbnail","6":"product_cat-tabletas","7":"product_tag-vegano","8":"product_tag-72-de-cacao","9":"product_tag-naranja-y-nuez","10":"product_tag-chocolate-negro-es","11":"product_tag-chocolate-artesanal-es","12":"product_tag-gourmet-es","13":"product_tag-premiado-es","14":"pa_tabletes-30g","15":"pa_tabletes-100g","16":"pa_tabletes-pack-com-3-tabletes-de-100g","18":"first","19":"instock","20":"taxable","21":"shipping-taxable","22":"purchasable","23":"product-type-variable"},"yoast_head":"<!-- This site is optimized with the Yoast SEO plugin v27.3 - https:\/\/yoast.com\/product\/yoast-seo-wordpress\/ -->\n<title>Tableta de 100g - Naranja y nueces - Peda\u00e7os de Cacau<\/title>\n<meta name=\"robots\" content=\"index, follow, max-snippet:-1, max-image-preview:large, max-video-preview:-1\" \/>\n<link rel=\"canonical\" href=\"https:\/\/pedacosdecacau.pt\/es\/tabletas\/tableta-de-100g-naranja-y-nueces\/\" \/>\n<meta property=\"og:locale\" content=\"es_ES\" \/>\n<meta property=\"og:type\" content=\"article\" \/>\n<meta property=\"og:title\" content=\"Tableta de 100g - Naranja y nueces - Peda\u00e7os de Cacau\" \/>\n<meta property=\"og:description\" content=\"Esta tableta combina el chocolate negro (72% de cacao) con naranja, convirti\u00e9ndose en un cl\u00e1sico atemporal con el toque crujiente de la nuez. La prueba de ello es la Medalla de Plata que obtuvo en el Concurso Nacional de Chocolates Tradicionales en 2017. Adem\u00e1s de ser una excelente opci\u00f3n por s\u00ed sola, la Tableta de Chocolate Negro con Naranja y Nuez tambi\u00e9n puede ser la base para un brownie sorprendente.  Al igual que el resto de la colecci\u00f3n, esta tableta est\u00e1 elaborada y decorada de forma artesanal, utilizando ingredientes de alta calidad. &nbsp; Conoce todas nuestras tabletas de chocolate negro vegano artesanales.  Coco y Almendra.  Naranja y Nuez  Pimenta-rosa;  Guindilla y Flor de Sal.  Jengibre y Canela.  Menta piperita  Caf\u00e9 de Etiop\u00eda  Pepitas de cacao.  Caf\u00e9 y Flor de Sal.  Albahaca  Goji &nbsp; Si te resulta dif\u00edcil elegir... \u00bfQu\u00e9 te parece una degustaci\u00f3n para intentar descubrir tu favorita? Elige uno de nuestros kits de degustaci\u00f3n, cada uno con cinco tabletas artesanales de chocolate negro diferentes, y sigue estos consejos. \u00a1Despu\u00e9s cu\u00e9ntanos cu\u00e1l fue el resultado!  CHOCOLATE VEGANO Todas nuestras tabletas son veganas Son libres de ingredientes de origen animal y no se realizan pruebas en animales. Nuestras tabletas son elaboradas de forma artesanal, con mucho amor y cari\u00f1o, sin colorantes ni conservantes, lo que les confiere un sabor \u00fanico e inimitable. Nuestros bombones cuentan con el sello Portugal Sou Eu. &nbsp; Declaraci\u00f3n Nutricional Declaraci\u00f3n nutricional por 100g Valor energ\u00e9tico: 2184 KJ \/ 526 Kcal L\u00edpidos: 38,2g de los cuales saturados: 24g Hidratos de carbono: 33g de los cuales az\u00facares: 28g Fibra: 12g Prote\u00ednas: 7,8g Sal: 0,1g &nbsp; Peso Neto Aproximado 100g\" \/>\n<meta property=\"og:url\" content=\"https:\/\/pedacosdecacau.pt\/es\/tabletas\/tableta-de-100g-naranja-y-nueces\/\" \/>\n<meta property=\"og:site_name\" content=\"Peda\u00e7os de Cacau\" \/>\n<meta property=\"og:image\" content=\"https:\/\/www.pedacosdecacau.pt\/wp-content\/uploads\/2022\/09\/laranja-e-noz-2.jpg\" \/>\n\t<meta property=\"og:image:width\" content=\"1920\" \/>\n\t<meta property=\"og:image:height\" content=\"1874\" \/>\n\t<meta property=\"og:image:type\" content=\"image\/jpeg\" \/>\n<meta name=\"twitter:card\" content=\"summary_large_image\" \/>\n<script type=\"application\/ld+json\" class=\"yoast-schema-graph\">{\"@context\":\"https:\\\/\\\/schema.org\",\"@graph\":[{\"@type\":\"WebPage\",\"@id\":\"https:\\\/\\\/pedacosdecacau.pt\\\/es\\\/tabletas\\\/tableta-de-100g-naranja-y-nueces\\\/\",\"url\":\"https:\\\/\\\/pedacosdecacau.pt\\\/es\\\/tabletas\\\/tableta-de-100g-naranja-y-nueces\\\/\",\"name\":\"Tableta de 100g - Naranja y nueces - Peda\u00e7os de Cacau\",\"isPartOf\":{\"@id\":\"https:\\\/\\\/www.pedacosdecacau.pt\\\/es\\\/#website\"},\"primaryImageOfPage\":{\"@id\":\"https:\\\/\\\/pedacosdecacau.pt\\\/es\\\/tabletas\\\/tableta-de-100g-naranja-y-nueces\\\/#primaryimage\"},\"image\":{\"@id\":\"https:\\\/\\\/pedacosdecacau.pt\\\/es\\\/tabletas\\\/tableta-de-100g-naranja-y-nueces\\\/#primaryimage\"},\"thumbnailUrl\":\"https:\\\/\\\/pedacosdecacau.pt\\\/wp-content\\\/uploads\\\/2022\\\/09\\\/laranja-e-noz-2.jpg\",\"datePublished\":\"2022-11-04T14:46:23+00:00\",\"breadcrumb\":{\"@id\":\"https:\\\/\\\/pedacosdecacau.pt\\\/es\\\/tabletas\\\/tableta-de-100g-naranja-y-nueces\\\/#breadcrumb\"},\"inLanguage\":\"es\",\"potentialAction\":[{\"@type\":\"ReadAction\",\"target\":[\"https:\\\/\\\/pedacosdecacau.pt\\\/es\\\/tabletas\\\/tableta-de-100g-naranja-y-nueces\\\/\"]}]},{\"@type\":\"ImageObject\",\"inLanguage\":\"es\",\"@id\":\"https:\\\/\\\/pedacosdecacau.pt\\\/es\\\/tabletas\\\/tableta-de-100g-naranja-y-nueces\\\/#primaryimage\",\"url\":\"https:\\\/\\\/pedacosdecacau.pt\\\/wp-content\\\/uploads\\\/2022\\\/09\\\/laranja-e-noz-2.jpg\",\"contentUrl\":\"https:\\\/\\\/pedacosdecacau.pt\\\/wp-content\\\/uploads\\\/2022\\\/09\\\/laranja-e-noz-2.jpg\",\"width\":1920,\"height\":1874,\"caption\":\"Tablete de Chocolate Negro Vegan com Laranja e Noz\"},{\"@type\":\"BreadcrumbList\",\"@id\":\"https:\\\/\\\/pedacosdecacau.pt\\\/es\\\/tabletas\\\/tableta-de-100g-naranja-y-nueces\\\/#breadcrumb\",\"itemListElement\":[{\"@type\":\"ListItem\",\"position\":1,\"name\":\"In\u00edcio\",\"item\":\"https:\\\/\\\/pedacosdecacau.pt\\\/es\\\/\"},{\"@type\":\"ListItem\",\"position\":2,\"name\":\"Loja\",\"item\":\"https:\\\/\\\/www.pedacosdecacau.pt\\\/loja-online\\\/\"},{\"@type\":\"ListItem\",\"position\":3,\"name\":\"Tableta de 100g &#8211; Naranja y nueces\"}]},{\"@type\":\"WebSite\",\"@id\":\"https:\\\/\\\/www.pedacosdecacau.pt\\\/es\\\/#website\",\"url\":\"https:\\\/\\\/www.pedacosdecacau.pt\\\/es\\\/\",\"name\":\"Peda\u00e7os de Cacau\",\"description\":\"Mais um site WordPress\",\"publisher\":{\"@id\":\"https:\\\/\\\/www.pedacosdecacau.pt\\\/es\\\/#organization\"},\"potentialAction\":[{\"@type\":\"SearchAction\",\"target\":{\"@type\":\"EntryPoint\",\"urlTemplate\":\"https:\\\/\\\/www.pedacosdecacau.pt\\\/es\\\/?s={search_term_string}\"},\"query-input\":{\"@type\":\"PropertyValueSpecification\",\"valueRequired\":true,\"valueName\":\"search_term_string\"}}],\"inLanguage\":\"es\"},{\"@type\":\"Organization\",\"@id\":\"https:\\\/\\\/www.pedacosdecacau.pt\\\/es\\\/#organization\",\"name\":\"Peda\u00e7os de Cacau\",\"url\":\"https:\\\/\\\/www.pedacosdecacau.pt\\\/es\\\/\",\"logo\":{\"@type\":\"ImageObject\",\"inLanguage\":\"es\",\"@id\":\"https:\\\/\\\/www.pedacosdecacau.pt\\\/es\\\/#\\\/schema\\\/logo\\\/image\\\/\",\"url\":\"https:\\\/\\\/pedacosdecacau.pt\\\/wp-content\\\/uploads\\\/2025\\\/09\\\/cropped-PDC_BrancoSemFundo-4.png\",\"contentUrl\":\"https:\\\/\\\/pedacosdecacau.pt\\\/wp-content\\\/uploads\\\/2025\\\/09\\\/cropped-PDC_BrancoSemFundo-4.png\",\"width\":1059,\"height\":712,\"caption\":\"Peda\u00e7os de Cacau\"},\"image\":{\"@id\":\"https:\\\/\\\/www.pedacosdecacau.pt\\\/es\\\/#\\\/schema\\\/logo\\\/image\\\/\"}}]}<\/script>\n<!-- \/ Yoast SEO plugin. -->","yoast_head_json":{"title":"Tableta de 100g - Naranja y nueces - Peda\u00e7os de Cacau","robots":{"index":"index","follow":"follow","max-snippet":"max-snippet:-1","max-image-preview":"max-image-preview:large","max-video-preview":"max-video-preview:-1"},"canonical":"https:\/\/pedacosdecacau.pt\/es\/tabletas\/tableta-de-100g-naranja-y-nueces\/","og_locale":"es_ES","og_type":"article","og_title":"Tableta de 100g - Naranja y nueces - Peda\u00e7os de Cacau","og_description":"Esta tableta combina el chocolate negro (72% de cacao) con naranja, convirti\u00e9ndose en un cl\u00e1sico atemporal con el toque crujiente de la nuez. La prueba de ello es la Medalla de Plata que obtuvo en el Concurso Nacional de Chocolates Tradicionales en 2017. Adem\u00e1s de ser una excelente opci\u00f3n por s\u00ed sola, la Tableta de Chocolate Negro con Naranja y Nuez tambi\u00e9n puede ser la base para un brownie sorprendente.  Al igual que el resto de la colecci\u00f3n, esta tableta est\u00e1 elaborada y decorada de forma artesanal, utilizando ingredientes de alta calidad. &nbsp; Conoce todas nuestras tabletas de chocolate negro vegano artesanales.  Coco y Almendra.  Naranja y Nuez  Pimenta-rosa;  Guindilla y Flor de Sal.  Jengibre y Canela.  Menta piperita  Caf\u00e9 de Etiop\u00eda  Pepitas de cacao.  Caf\u00e9 y Flor de Sal.  Albahaca  Goji &nbsp; Si te resulta dif\u00edcil elegir... \u00bfQu\u00e9 te parece una degustaci\u00f3n para intentar descubrir tu favorita? Elige uno de nuestros kits de degustaci\u00f3n, cada uno con cinco tabletas artesanales de chocolate negro diferentes, y sigue estos consejos. \u00a1Despu\u00e9s cu\u00e9ntanos cu\u00e1l fue el resultado!  CHOCOLATE VEGANO Todas nuestras tabletas son veganas Son libres de ingredientes de origen animal y no se realizan pruebas en animales. Nuestras tabletas son elaboradas de forma artesanal, con mucho amor y cari\u00f1o, sin colorantes ni conservantes, lo que les confiere un sabor \u00fanico e inimitable. Nuestros bombones cuentan con el sello Portugal Sou Eu. &nbsp; Declaraci\u00f3n Nutricional Declaraci\u00f3n nutricional por 100g Valor energ\u00e9tico: 2184 KJ \/ 526 Kcal L\u00edpidos: 38,2g de los cuales saturados: 24g Hidratos de carbono: 33g de los cuales az\u00facares: 28g Fibra: 12g Prote\u00ednas: 7,8g Sal: 0,1g &nbsp; Peso Neto Aproximado 100g","og_url":"https:\/\/pedacosdecacau.pt\/es\/tabletas\/tableta-de-100g-naranja-y-nueces\/","og_site_name":"Peda\u00e7os de Cacau","og_image":[{"width":1920,"height":1874,"url":"https:\/\/www.pedacosdecacau.pt\/wp-content\/uploads\/2022\/09\/laranja-e-noz-2.jpg","type":"image\/jpeg"}],"twitter_card":"summary_large_image","schema":{"@context":"https:\/\/schema.org","@graph":[{"@type":"WebPage","@id":"https:\/\/pedacosdecacau.pt\/es\/tabletas\/tableta-de-100g-naranja-y-nueces\/","url":"https:\/\/pedacosdecacau.pt\/es\/tabletas\/tableta-de-100g-naranja-y-nueces\/","name":"Tableta de 100g - Naranja y nueces - Peda\u00e7os de Cacau","isPartOf":{"@id":"https:\/\/www.pedacosdecacau.pt\/es\/#website"},"primaryImageOfPage":{"@id":"https:\/\/pedacosdecacau.pt\/es\/tabletas\/tableta-de-100g-naranja-y-nueces\/#primaryimage"},"image":{"@id":"https:\/\/pedacosdecacau.pt\/es\/tabletas\/tableta-de-100g-naranja-y-nueces\/#primaryimage"},"thumbnailUrl":"https:\/\/pedacosdecacau.pt\/wp-content\/uploads\/2022\/09\/laranja-e-noz-2.jpg","datePublished":"2022-11-04T14:46:23+00:00","breadcrumb":{"@id":"https:\/\/pedacosdecacau.pt\/es\/tabletas\/tableta-de-100g-naranja-y-nueces\/#breadcrumb"},"inLanguage":"es","potentialAction":[{"@type":"ReadAction","target":["https:\/\/pedacosdecacau.pt\/es\/tabletas\/tableta-de-100g-naranja-y-nueces\/"]}]},{"@type":"ImageObject","inLanguage":"es","@id":"https:\/\/pedacosdecacau.pt\/es\/tabletas\/tableta-de-100g-naranja-y-nueces\/#primaryimage","url":"https:\/\/pedacosdecacau.pt\/wp-content\/uploads\/2022\/09\/laranja-e-noz-2.jpg","contentUrl":"https:\/\/pedacosdecacau.pt\/wp-content\/uploads\/2022\/09\/laranja-e-noz-2.jpg","width":1920,"height":1874,"caption":"Tablete de Chocolate Negro Vegan com Laranja e Noz"},{"@type":"BreadcrumbList","@id":"https:\/\/pedacosdecacau.pt\/es\/tabletas\/tableta-de-100g-naranja-y-nueces\/#breadcrumb","itemListElement":[{"@type":"ListItem","position":1,"name":"In\u00edcio","item":"https:\/\/pedacosdecacau.pt\/es\/"},{"@type":"ListItem","position":2,"name":"Loja","item":"https:\/\/www.pedacosdecacau.pt\/loja-online\/"},{"@type":"ListItem","position":3,"name":"Tableta de 100g &#8211; Naranja y nueces"}]},{"@type":"WebSite","@id":"https:\/\/www.pedacosdecacau.pt\/es\/#website","url":"https:\/\/www.pedacosdecacau.pt\/es\/","name":"Peda\u00e7os de Cacau","description":"Mais um site WordPress","publisher":{"@id":"https:\/\/www.pedacosdecacau.pt\/es\/#organization"},"potentialAction":[{"@type":"SearchAction","target":{"@type":"EntryPoint","urlTemplate":"https:\/\/www.pedacosdecacau.pt\/es\/?s={search_term_string}"},"query-input":{"@type":"PropertyValueSpecification","valueRequired":true,"valueName":"search_term_string"}}],"inLanguage":"es"},{"@type":"Organization","@id":"https:\/\/www.pedacosdecacau.pt\/es\/#organization","name":"Peda\u00e7os de Cacau","url":"https:\/\/www.pedacosdecacau.pt\/es\/","logo":{"@type":"ImageObject","inLanguage":"es","@id":"https:\/\/www.pedacosdecacau.pt\/es\/#\/schema\/logo\/image\/","url":"https:\/\/pedacosdecacau.pt\/wp-content\/uploads\/2025\/09\/cropped-PDC_BrancoSemFundo-4.png","contentUrl":"https:\/\/pedacosdecacau.pt\/wp-content\/uploads\/2025\/09\/cropped-PDC_BrancoSemFundo-4.png","width":1059,"height":712,"caption":"Peda\u00e7os de Cacau"},"image":{"@id":"https:\/\/www.pedacosdecacau.pt\/es\/#\/schema\/logo\/image\/"}}]}},"_links":{"self":[{"href":"https:\/\/pedacosdecacau.pt\/es\/wp-json\/wp\/v2\/product\/39392","targetHints":{"allow":["GET"]}}],"collection":[{"href":"https:\/\/pedacosdecacau.pt\/es\/wp-json\/wp\/v2\/product"}],"about":[{"href":"https:\/\/pedacosdecacau.pt\/es\/wp-json\/wp\/v2\/types\/product"}],"replies":[{"embeddable":true,"href":"https:\/\/pedacosdecacau.pt\/es\/wp-json\/wp\/v2\/comments?post=39392"}],"wp:featuredmedia":[{"embeddable":true,"href":"https:\/\/pedacosdecacau.pt\/es\/wp-json\/wp\/v2\/media\/38477"}],"wp:attachment":[{"href":"https:\/\/pedacosdecacau.pt\/es\/wp-json\/wp\/v2\/media?parent=39392"}],"wp:term":[{"taxonomy":"product_brand","embeddable":true,"href":"https:\/\/pedacosdecacau.pt\/es\/wp-json\/wp\/v2\/product_brand?post=39392"},{"taxonomy":"product_cat","embeddable":true,"href":"https:\/\/pedacosdecacau.pt\/es\/wp-json\/wp\/v2\/product_cat?post=39392"},{"taxonomy":"product_tag","embeddable":true,"href":"https:\/\/pedacosdecacau.pt\/es\/wp-json\/wp\/v2\/product_tag?post=39392"}],"curies":[{"name":"wp","href":"https:\/\/api.w.org\/{rel}","templated":true}]}}