{"id":39330,"date":"2022-11-04T14:49:54","date_gmt":"2022-11-04T14:49:54","guid":{"rendered":"https:\/\/pedacosdecacau.pt\/sin categor\u00eda\/caixa-25-bombones-gourmet\/"},"modified":"2022-11-04T14:49:54","modified_gmt":"2022-11-04T14:49:54","slug":"caixa-25-bombones-gourmet","status":"publish","type":"product","link":"https:\/\/pedacosdecacau.pt\/es\/bombones\/caixa-25-bombones-gourmet\/","title":{"rendered":"Caixa 25 Bombones Gourmet"},"content":{"rendered":"<p>Esta Caja Gourmet incluye 25 bombones de chocolate negro (m\u00ednimo 54% de cacao) con rellenos pensados en colaboraci\u00f3n con algunos socios:<\/p>\n<ul>\n<li>5 Bombones de <a href=\"https:\/\/www.instagram.com\/azeiteterrasdazibo\/\">Aceite de Oliva<\/a> <\/li>\n<li>5 Bombones de <a href=\"http:\/\/www.bagasbravas.com\/\">Miel<\/a> con Oro<\/li>\n<li>5 Bombones de Vino de Oporto<\/li>\n<li>5 Bombones de Almendra con Flor de Sal<\/li>\n<li>5 Bombones de <a href=\"https:\/\/martinserebello.pt\/\">Queso<\/a><\/li>\n<\/ul>\n<p>La caja de 25 Bombones Gourmet simboliza el arte de mezclar sabores, perfeccionar recetas y crear bombones artesanales dignos de ser apreciados.<\/p>\n","protected":false},"excerpt":{"rendered":"<p>Una caja llena de sabores de la tierra y de algunas colaboraciones que no son nuevas, sino que vienen desde los primeros d\u00edas de Peda\u00e7os de Cacau.<\/p>\n<p>Todos los bombones son elaborados y decorados de forma artesanal.<\/p>\n<p>&nbsp;<\/p>\n<h3>Los colaboradores<\/h3>\n<p><strong>Mel de Frutas Silvestres<\/strong><\/p>\n<p>El mel que utilizamos es <a href=\"http:\/\/www.bagasbravas.com\/\">&#8220;Mel Bagas Bravas&#8221;<\/a>, una marca con una peque\u00f1a explotaci\u00f3n ap\u00edcola org\u00e1nica, ubicada en el Parque Natural de Montesinho, una zona protegida de monta\u00f1a en el nordeste de Tras-os-Montes, Portugal. Con el fin de promover la biodiversidad aut\u00f3ctona y respetar la tradici\u00f3n ap\u00edcola de la regi\u00f3n, la recolecci\u00f3n de miel se realiza de acuerdo con los ciclos naturales de las abejas. Los aromas del &#8220;Mel Cru Bagas Bravas&#8221; tienen caracter\u00edsticas como brezo, romero, tomillo y casta\u00f1o, lo que le confiere un sabor distintivo.<\/p>\n<p>&nbsp;<\/p>\n<p><strong>Aceite de Oliva Virgen Extra (Terras Dazibo Anfora)<\/strong><\/p>\n<p>O Azeite surgiu como um desafio e tornou-se num excelente bombom. Utilizamos en nuestros bombones gourmet Aceite de Oliva Virgen Extra de &#8220;<a href=\"https:\/\/www.instagram.com\/azeiteterrasdazibo\/\">Terras Dazibo Anfora&#8221;<\/a>, que en 2020 gan\u00f3 la medalla de oro en los <a href=\"https:\/\/fairplex.com\/competitions\/olive-oil-competition\">Los Angeles International Extra Virgin Olive Oil<\/a> 2020. Con origen en Tr\u00e1s-os-Montes, este aceite de oliva virgen extra presenta aromas de aceitunas frescas, notas herb\u00e1ceas y de frutos secos verdes (nuez y almendra). Una combinaci\u00f3n perfecta para una ganache arom\u00e1tica en 5 de los bombones gourmet.<\/p>\n<p>&nbsp;<\/p>\n<p><strong>Queso de Cabra Curado<\/strong><\/p>\n<p>Una combinaci\u00f3n ganadora desde el principio con un resultado final a\u00fan mejor. El queso de cabra curado de la marca <a href=\"https:\/\/martinserebello.pt\/\">Martins &amp; Rebello<\/a> es un queso semiduro, de textura quebradiza y elaborado con leche pasteurizada Su sabor puro a cabra, limpio y prolongado hace que estos 5 bombones gourmet con queso sean una experiencia de degustaci\u00f3n que perdura en la boca despu\u00e9s del primer bocado.<\/p>\n<p>&nbsp;<\/p>\n<p>Tambi\u00e9n puedes encontrar en la tienda en l\u00ednea las cajas de bombones &#8220;Caixa 9 Bombons &#8211; Frutados&#8221;, &#8220;Caixa 9 Bombons &#8211; Gulosos&#8221;, &#8220;Caixa 9 Bombons &#8211; Vitoriosos&#8221; o la &#8220;Caixa 16 Bombons&#8221;.<\/p>\n<p>&nbsp;<\/p>\n<h3>Peso Neto Aproximado<\/h3>\n<p>400g<\/p>\n","protected":false},"featured_media":38467,"comment_status":"open","ping_status":"closed","template":"","meta":{"inline_featured_image":false},"product_brand":[],"product_cat":[757],"product_tag":[780,781,782,763,764,765,768,777,778,779],"class_list":{"0":"post-39330","1":"product","2":"type-product","3":"status-publish","4":"has-post-thumbnail","6":"product_cat-bombones","7":"product_tag-oro","8":"product_tag-queso","9":"product_tag-vino-de-oporto","10":"product_tag-chocolate-negro-es","11":"product_tag-54-de-cacao","12":"product_tag-bombones-artesanales","13":"product_tag-relleno","14":"product_tag-amendoa-e-flor-de-sal-es","15":"product_tag-mel-es","16":"product_tag-mel-de-frutas-silvestres","18":"first","19":"instock","20":"taxable","21":"shipping-taxable","22":"purchasable","23":"product-type-simple"},"yoast_head":"<!-- This site is optimized with the Yoast SEO plugin v27.3 - https:\/\/yoast.com\/product\/yoast-seo-wordpress\/ -->\n<title>Caixa 25 Bombones Gourmet - Peda\u00e7os de Cacau<\/title>\n<meta name=\"description\" content=\"Una caja llena de sabores de la tierra y de algunas colaboraciones que no son nuevas, sino que vienen desde los primeros d\u00edas de Peda\u00e7os de Cacau.\" \/>\n<meta name=\"robots\" content=\"index, follow, max-snippet:-1, max-image-preview:large, max-video-preview:-1\" \/>\n<link rel=\"canonical\" href=\"https:\/\/pedacosdecacau.pt\/es\/bombones\/caixa-25-bombones-gourmet\/\" \/>\n<meta property=\"og:locale\" content=\"es_ES\" \/>\n<meta property=\"og:type\" content=\"article\" \/>\n<meta property=\"og:title\" content=\"Caixa 25 Bombones Gourmet - Peda\u00e7os de Cacau\" \/>\n<meta property=\"og:description\" content=\"Una caja llena de sabores de la tierra y de algunas colaboraciones que no son nuevas, sino que vienen desde los primeros d\u00edas de Peda\u00e7os de Cacau.\" \/>\n<meta property=\"og:url\" content=\"https:\/\/pedacosdecacau.pt\/es\/bombones\/caixa-25-bombones-gourmet\/\" \/>\n<meta property=\"og:site_name\" content=\"Peda\u00e7os de Cacau\" \/>\n<meta property=\"og:image\" content=\"https:\/\/www.pedacosdecacau.pt\/wp-content\/uploads\/2022\/09\/gourmet-3.jpg\" \/>\n\t<meta property=\"og:image:width\" content=\"1920\" \/>\n\t<meta property=\"og:image:height\" content=\"1874\" \/>\n\t<meta property=\"og:image:type\" content=\"image\/jpeg\" \/>\n<meta name=\"twitter:card\" content=\"summary_large_image\" \/>\n<script type=\"application\/ld+json\" class=\"yoast-schema-graph\">{\"@context\":\"https:\\\/\\\/schema.org\",\"@graph\":[{\"@type\":\"WebPage\",\"@id\":\"https:\\\/\\\/pedacosdecacau.pt\\\/es\\\/bombones\\\/caixa-25-bombones-gourmet\\\/\",\"url\":\"https:\\\/\\\/pedacosdecacau.pt\\\/es\\\/bombones\\\/caixa-25-bombones-gourmet\\\/\",\"name\":\"Caixa 25 Bombones Gourmet - Peda\u00e7os de Cacau\",\"isPartOf\":{\"@id\":\"https:\\\/\\\/www.pedacosdecacau.pt\\\/es\\\/#website\"},\"primaryImageOfPage\":{\"@id\":\"https:\\\/\\\/pedacosdecacau.pt\\\/es\\\/bombones\\\/caixa-25-bombones-gourmet\\\/#primaryimage\"},\"image\":{\"@id\":\"https:\\\/\\\/pedacosdecacau.pt\\\/es\\\/bombones\\\/caixa-25-bombones-gourmet\\\/#primaryimage\"},\"thumbnailUrl\":\"https:\\\/\\\/pedacosdecacau.pt\\\/wp-content\\\/uploads\\\/2022\\\/09\\\/gourmet-3.jpg\",\"datePublished\":\"2022-11-04T14:49:54+00:00\",\"description\":\"Una caja llena de sabores de la tierra y de algunas colaboraciones que no son nuevas, sino que vienen desde los primeros d\u00edas de Peda\u00e7os de Cacau.\",\"breadcrumb\":{\"@id\":\"https:\\\/\\\/pedacosdecacau.pt\\\/es\\\/bombones\\\/caixa-25-bombones-gourmet\\\/#breadcrumb\"},\"inLanguage\":\"es\",\"potentialAction\":[{\"@type\":\"ReadAction\",\"target\":[\"https:\\\/\\\/pedacosdecacau.pt\\\/es\\\/bombones\\\/caixa-25-bombones-gourmet\\\/\"]}]},{\"@type\":\"ImageObject\",\"inLanguage\":\"es\",\"@id\":\"https:\\\/\\\/pedacosdecacau.pt\\\/es\\\/bombones\\\/caixa-25-bombones-gourmet\\\/#primaryimage\",\"url\":\"https:\\\/\\\/pedacosdecacau.pt\\\/wp-content\\\/uploads\\\/2022\\\/09\\\/gourmet-3.jpg\",\"contentUrl\":\"https:\\\/\\\/pedacosdecacau.pt\\\/wp-content\\\/uploads\\\/2022\\\/09\\\/gourmet-3.jpg\",\"width\":1920,\"height\":1874,\"caption\":\"caixa 25 bombons gourmet pedacos de cacau\"},{\"@type\":\"BreadcrumbList\",\"@id\":\"https:\\\/\\\/pedacosdecacau.pt\\\/es\\\/bombones\\\/caixa-25-bombones-gourmet\\\/#breadcrumb\",\"itemListElement\":[{\"@type\":\"ListItem\",\"position\":1,\"name\":\"In\u00edcio\",\"item\":\"https:\\\/\\\/pedacosdecacau.pt\\\/es\\\/\"},{\"@type\":\"ListItem\",\"position\":2,\"name\":\"Loja\",\"item\":\"https:\\\/\\\/www.pedacosdecacau.pt\\\/loja-online\\\/\"},{\"@type\":\"ListItem\",\"position\":3,\"name\":\"Caixa 25 Bombones Gourmet\"}]},{\"@type\":\"WebSite\",\"@id\":\"https:\\\/\\\/www.pedacosdecacau.pt\\\/es\\\/#website\",\"url\":\"https:\\\/\\\/www.pedacosdecacau.pt\\\/es\\\/\",\"name\":\"Peda\u00e7os de Cacau\",\"description\":\"Mais um site WordPress\",\"publisher\":{\"@id\":\"https:\\\/\\\/www.pedacosdecacau.pt\\\/es\\\/#organization\"},\"potentialAction\":[{\"@type\":\"SearchAction\",\"target\":{\"@type\":\"EntryPoint\",\"urlTemplate\":\"https:\\\/\\\/www.pedacosdecacau.pt\\\/es\\\/?s={search_term_string}\"},\"query-input\":{\"@type\":\"PropertyValueSpecification\",\"valueRequired\":true,\"valueName\":\"search_term_string\"}}],\"inLanguage\":\"es\"},{\"@type\":\"Organization\",\"@id\":\"https:\\\/\\\/www.pedacosdecacau.pt\\\/es\\\/#organization\",\"name\":\"Peda\u00e7os de Cacau\",\"url\":\"https:\\\/\\\/www.pedacosdecacau.pt\\\/es\\\/\",\"logo\":{\"@type\":\"ImageObject\",\"inLanguage\":\"es\",\"@id\":\"https:\\\/\\\/www.pedacosdecacau.pt\\\/es\\\/#\\\/schema\\\/logo\\\/image\\\/\",\"url\":\"https:\\\/\\\/pedacosdecacau.pt\\\/wp-content\\\/uploads\\\/2025\\\/09\\\/cropped-PDC_BrancoSemFundo-4.png\",\"contentUrl\":\"https:\\\/\\\/pedacosdecacau.pt\\\/wp-content\\\/uploads\\\/2025\\\/09\\\/cropped-PDC_BrancoSemFundo-4.png\",\"width\":1059,\"height\":712,\"caption\":\"Peda\u00e7os de Cacau\"},\"image\":{\"@id\":\"https:\\\/\\\/www.pedacosdecacau.pt\\\/es\\\/#\\\/schema\\\/logo\\\/image\\\/\"}}]}<\/script>\n<!-- \/ Yoast SEO plugin. -->","yoast_head_json":{"title":"Caixa 25 Bombones Gourmet - Peda\u00e7os de Cacau","description":"Una caja llena de sabores de la tierra y de algunas colaboraciones que no son nuevas, sino que vienen desde los primeros d\u00edas de Peda\u00e7os de Cacau.","robots":{"index":"index","follow":"follow","max-snippet":"max-snippet:-1","max-image-preview":"max-image-preview:large","max-video-preview":"max-video-preview:-1"},"canonical":"https:\/\/pedacosdecacau.pt\/es\/bombones\/caixa-25-bombones-gourmet\/","og_locale":"es_ES","og_type":"article","og_title":"Caixa 25 Bombones Gourmet - Peda\u00e7os de Cacau","og_description":"Una caja llena de sabores de la tierra y de algunas colaboraciones que no son nuevas, sino que vienen desde los primeros d\u00edas de Peda\u00e7os de Cacau.","og_url":"https:\/\/pedacosdecacau.pt\/es\/bombones\/caixa-25-bombones-gourmet\/","og_site_name":"Peda\u00e7os de Cacau","og_image":[{"width":1920,"height":1874,"url":"https:\/\/www.pedacosdecacau.pt\/wp-content\/uploads\/2022\/09\/gourmet-3.jpg","type":"image\/jpeg"}],"twitter_card":"summary_large_image","schema":{"@context":"https:\/\/schema.org","@graph":[{"@type":"WebPage","@id":"https:\/\/pedacosdecacau.pt\/es\/bombones\/caixa-25-bombones-gourmet\/","url":"https:\/\/pedacosdecacau.pt\/es\/bombones\/caixa-25-bombones-gourmet\/","name":"Caixa 25 Bombones Gourmet - Peda\u00e7os de Cacau","isPartOf":{"@id":"https:\/\/www.pedacosdecacau.pt\/es\/#website"},"primaryImageOfPage":{"@id":"https:\/\/pedacosdecacau.pt\/es\/bombones\/caixa-25-bombones-gourmet\/#primaryimage"},"image":{"@id":"https:\/\/pedacosdecacau.pt\/es\/bombones\/caixa-25-bombones-gourmet\/#primaryimage"},"thumbnailUrl":"https:\/\/pedacosdecacau.pt\/wp-content\/uploads\/2022\/09\/gourmet-3.jpg","datePublished":"2022-11-04T14:49:54+00:00","description":"Una caja llena de sabores de la tierra y de algunas colaboraciones que no son nuevas, sino que vienen desde los primeros d\u00edas de Peda\u00e7os de Cacau.","breadcrumb":{"@id":"https:\/\/pedacosdecacau.pt\/es\/bombones\/caixa-25-bombones-gourmet\/#breadcrumb"},"inLanguage":"es","potentialAction":[{"@type":"ReadAction","target":["https:\/\/pedacosdecacau.pt\/es\/bombones\/caixa-25-bombones-gourmet\/"]}]},{"@type":"ImageObject","inLanguage":"es","@id":"https:\/\/pedacosdecacau.pt\/es\/bombones\/caixa-25-bombones-gourmet\/#primaryimage","url":"https:\/\/pedacosdecacau.pt\/wp-content\/uploads\/2022\/09\/gourmet-3.jpg","contentUrl":"https:\/\/pedacosdecacau.pt\/wp-content\/uploads\/2022\/09\/gourmet-3.jpg","width":1920,"height":1874,"caption":"caixa 25 bombons gourmet pedacos de cacau"},{"@type":"BreadcrumbList","@id":"https:\/\/pedacosdecacau.pt\/es\/bombones\/caixa-25-bombones-gourmet\/#breadcrumb","itemListElement":[{"@type":"ListItem","position":1,"name":"In\u00edcio","item":"https:\/\/pedacosdecacau.pt\/es\/"},{"@type":"ListItem","position":2,"name":"Loja","item":"https:\/\/www.pedacosdecacau.pt\/loja-online\/"},{"@type":"ListItem","position":3,"name":"Caixa 25 Bombones Gourmet"}]},{"@type":"WebSite","@id":"https:\/\/www.pedacosdecacau.pt\/es\/#website","url":"https:\/\/www.pedacosdecacau.pt\/es\/","name":"Peda\u00e7os de Cacau","description":"Mais um site WordPress","publisher":{"@id":"https:\/\/www.pedacosdecacau.pt\/es\/#organization"},"potentialAction":[{"@type":"SearchAction","target":{"@type":"EntryPoint","urlTemplate":"https:\/\/www.pedacosdecacau.pt\/es\/?s={search_term_string}"},"query-input":{"@type":"PropertyValueSpecification","valueRequired":true,"valueName":"search_term_string"}}],"inLanguage":"es"},{"@type":"Organization","@id":"https:\/\/www.pedacosdecacau.pt\/es\/#organization","name":"Peda\u00e7os de Cacau","url":"https:\/\/www.pedacosdecacau.pt\/es\/","logo":{"@type":"ImageObject","inLanguage":"es","@id":"https:\/\/www.pedacosdecacau.pt\/es\/#\/schema\/logo\/image\/","url":"https:\/\/pedacosdecacau.pt\/wp-content\/uploads\/2025\/09\/cropped-PDC_BrancoSemFundo-4.png","contentUrl":"https:\/\/pedacosdecacau.pt\/wp-content\/uploads\/2025\/09\/cropped-PDC_BrancoSemFundo-4.png","width":1059,"height":712,"caption":"Peda\u00e7os de Cacau"},"image":{"@id":"https:\/\/www.pedacosdecacau.pt\/es\/#\/schema\/logo\/image\/"}}]}},"_links":{"self":[{"href":"https:\/\/pedacosdecacau.pt\/es\/wp-json\/wp\/v2\/product\/39330","targetHints":{"allow":["GET"]}}],"collection":[{"href":"https:\/\/pedacosdecacau.pt\/es\/wp-json\/wp\/v2\/product"}],"about":[{"href":"https:\/\/pedacosdecacau.pt\/es\/wp-json\/wp\/v2\/types\/product"}],"replies":[{"embeddable":true,"href":"https:\/\/pedacosdecacau.pt\/es\/wp-json\/wp\/v2\/comments?post=39330"}],"wp:featuredmedia":[{"embeddable":true,"href":"https:\/\/pedacosdecacau.pt\/es\/wp-json\/wp\/v2\/media\/38467"}],"wp:attachment":[{"href":"https:\/\/pedacosdecacau.pt\/es\/wp-json\/wp\/v2\/media?parent=39330"}],"wp:term":[{"taxonomy":"product_brand","embeddable":true,"href":"https:\/\/pedacosdecacau.pt\/es\/wp-json\/wp\/v2\/product_brand?post=39330"},{"taxonomy":"product_cat","embeddable":true,"href":"https:\/\/pedacosdecacau.pt\/es\/wp-json\/wp\/v2\/product_cat?post=39330"},{"taxonomy":"product_tag","embeddable":true,"href":"https:\/\/pedacosdecacau.pt\/es\/wp-json\/wp\/v2\/product_tag?post=39330"}],"curies":[{"name":"wp","href":"https:\/\/api.w.org\/{rel}","templated":true}]}}