{"id":39326,"date":"2023-05-17T15:28:00","date_gmt":"2023-05-17T14:28:00","guid":{"rendered":"https:\/\/pedacosdecacau.pt\/sin categor\u00eda\/caja-de-16-bombones-manjericos\/"},"modified":"2023-05-17T15:28:00","modified_gmt":"2023-05-17T14:28:00","slug":"caja-de-16-bombones-manjericos","status":"publish","type":"product","link":"https:\/\/pedacosdecacau.pt\/es\/santos-populares-es\/caja-de-16-bombones-manjericos\/","title":{"rendered":"Caja de 16 bombones &#8211; Manjericos"},"content":{"rendered":"<p>Nuestros sorprendentes Bombones de Manjerico aportan un sabor fresco a los d\u00edas de fiesta y verano. Incluye 16 bombones de chocolate negro (m\u00ednimo de 54% de cacao) con relleno de manjeric\u00e3o.<\/p>\n<p>El Bomb\u00f3n de Manjerico es una innovaci\u00f3n de Peda\u00e7os de Cacau que ha sido distinguido como &#8220;Mejor Sabor con 3 estrellas&#8221; en los Great Taste Awards 2019, un premio para los productos m\u00e1s exquisitos en el mercado.<\/p>\n<p>El Bomb\u00f3n de Manjerico es un producto estacional y est\u00e1 disponible solo durante el verano.<\/p>\n","protected":false},"excerpt":{"rendered":"<p>Esta caja con nuestros sorprendentes Manjericos de Chocolate aporta un sabor fresco a los d\u00edas de fiesta y verano. Incluye 16 bombones de chocolate negro (m\u00ednimo del 54% de cacao) con relleno de albahaca.<\/p>\n<p>El bomb\u00f3n de albahaca es una innovaci\u00f3n de Peda\u00e7os de Cacau que ha sido galardonado como &#8220;Mejor Sabor con 3 estrellas&#8221; en los Great Taste Awards 2019, un premio para los m\u00e1s exquisitos en el mercado. Fue descrito por el jurado como &#8220;interesante e innovador&#8221;.<\/p>\n<p>El Bomb\u00f3n de Manjerico es un producto estacional y est\u00e1 disponible solo durante el verano.<\/p>\n<p>Todos los bombones son elaborados y decorados de forma artesanal.<\/p>\n","protected":false},"featured_media":46257,"comment_status":"open","ping_status":"closed","template":"","meta":{"inline_featured_image":false},"product_brand":[],"product_cat":[757,762],"product_tag":[771,772,763,764,765,766,767,768],"class_list":{"0":"post-39326","1":"product","2":"type-product","3":"status-publish","4":"has-post-thumbnail","6":"product_cat-bombones","7":"product_cat-santos-populares-es","8":"product_tag-bombones","9":"product_tag-santos-populares-es","10":"product_tag-chocolate-negro-es","11":"product_tag-54-de-cacao","12":"product_tag-bombones-artesanales","13":"product_tag-con-premios","14":"product_tag-manjerico-es","15":"product_tag-relleno","17":"first","18":"instock","19":"taxable","20":"shipping-taxable","21":"purchasable","22":"product-type-variable"},"yoast_head":"<!-- This site is optimized with the Yoast SEO plugin v27.3 - https:\/\/yoast.com\/product\/yoast-seo-wordpress\/ -->\n<title>Caja de 16 bombones - Manjericos - Peda\u00e7os de Cacau<\/title>\n<meta name=\"description\" content=\"La caja de chocolates que combina los sabores tradicionales de naranja y lim\u00f3n con el esperado y sorprendente bomb\u00f3n de albahaca.\" \/>\n<meta name=\"robots\" content=\"index, follow, max-snippet:-1, max-image-preview:large, max-video-preview:-1\" \/>\n<link rel=\"canonical\" href=\"https:\/\/pedacosdecacau.pt\/es\/santos-populares-es\/caja-de-16-bombones-manjericos\/\" \/>\n<meta property=\"og:locale\" content=\"es_ES\" \/>\n<meta property=\"og:type\" content=\"article\" \/>\n<meta property=\"og:title\" content=\"Caja de 16 bombones - Manjericos - Peda\u00e7os de Cacau\" \/>\n<meta property=\"og:description\" content=\"La caja de chocolates que combina los sabores tradicionales de naranja y lim\u00f3n con el esperado y sorprendente bomb\u00f3n de albahaca.\" \/>\n<meta property=\"og:url\" content=\"https:\/\/pedacosdecacau.pt\/es\/santos-populares-es\/caja-de-16-bombones-manjericos\/\" \/>\n<meta property=\"og:site_name\" content=\"Peda\u00e7os de Cacau\" \/>\n<meta property=\"og:image\" content=\"https:\/\/pedacosdecacau.pt\/wp-content\/uploads\/2023\/05\/Caixa16Manjericos-1-scaled.jpg\" \/>\n\t<meta property=\"og:image:width\" content=\"2560\" \/>\n\t<meta property=\"og:image:height\" content=\"2499\" \/>\n\t<meta property=\"og:image:type\" content=\"image\/jpeg\" \/>\n<meta name=\"twitter:card\" content=\"summary_large_image\" \/>\n<script type=\"application\/ld+json\" class=\"yoast-schema-graph\">{\"@context\":\"https:\\\/\\\/schema.org\",\"@graph\":[{\"@type\":\"WebPage\",\"@id\":\"https:\\\/\\\/pedacosdecacau.pt\\\/es\\\/santos-populares-es\\\/caja-de-16-bombones-manjericos\\\/\",\"url\":\"https:\\\/\\\/pedacosdecacau.pt\\\/es\\\/santos-populares-es\\\/caja-de-16-bombones-manjericos\\\/\",\"name\":\"Caja de 16 bombones - Manjericos - Peda\u00e7os de Cacau\",\"isPartOf\":{\"@id\":\"https:\\\/\\\/www.pedacosdecacau.pt\\\/es\\\/#website\"},\"primaryImageOfPage\":{\"@id\":\"https:\\\/\\\/pedacosdecacau.pt\\\/es\\\/santos-populares-es\\\/caja-de-16-bombones-manjericos\\\/#primaryimage\"},\"image\":{\"@id\":\"https:\\\/\\\/pedacosdecacau.pt\\\/es\\\/santos-populares-es\\\/caja-de-16-bombones-manjericos\\\/#primaryimage\"},\"thumbnailUrl\":\"https:\\\/\\\/pedacosdecacau.pt\\\/wp-content\\\/uploads\\\/2023\\\/05\\\/Caixa16Manjericos-1-scaled.jpg\",\"datePublished\":\"2023-05-17T14:28:00+00:00\",\"description\":\"La caja de chocolates que combina los sabores tradicionales de naranja y lim\u00f3n con el esperado y sorprendente bomb\u00f3n de albahaca.\",\"breadcrumb\":{\"@id\":\"https:\\\/\\\/pedacosdecacau.pt\\\/es\\\/santos-populares-es\\\/caja-de-16-bombones-manjericos\\\/#breadcrumb\"},\"inLanguage\":\"es\",\"potentialAction\":[{\"@type\":\"ReadAction\",\"target\":[\"https:\\\/\\\/pedacosdecacau.pt\\\/es\\\/santos-populares-es\\\/caja-de-16-bombones-manjericos\\\/\"]}]},{\"@type\":\"ImageObject\",\"inLanguage\":\"es\",\"@id\":\"https:\\\/\\\/pedacosdecacau.pt\\\/es\\\/santos-populares-es\\\/caja-de-16-bombones-manjericos\\\/#primaryimage\",\"url\":\"https:\\\/\\\/pedacosdecacau.pt\\\/wp-content\\\/uploads\\\/2023\\\/05\\\/Caixa16Manjericos-1-scaled.jpg\",\"contentUrl\":\"https:\\\/\\\/pedacosdecacau.pt\\\/wp-content\\\/uploads\\\/2023\\\/05\\\/Caixa16Manjericos-1-scaled.jpg\",\"width\":2560,\"height\":2499,\"caption\":\"Caixa 16 Manjericos\"},{\"@type\":\"BreadcrumbList\",\"@id\":\"https:\\\/\\\/pedacosdecacau.pt\\\/es\\\/santos-populares-es\\\/caja-de-16-bombones-manjericos\\\/#breadcrumb\",\"itemListElement\":[{\"@type\":\"ListItem\",\"position\":1,\"name\":\"In\u00edcio\",\"item\":\"https:\\\/\\\/pedacosdecacau.pt\\\/es\\\/\"},{\"@type\":\"ListItem\",\"position\":2,\"name\":\"Loja\",\"item\":\"https:\\\/\\\/www.pedacosdecacau.pt\\\/loja-online\\\/\"},{\"@type\":\"ListItem\",\"position\":3,\"name\":\"Caja de 16 bombones &#8211; Manjericos\"}]},{\"@type\":\"WebSite\",\"@id\":\"https:\\\/\\\/www.pedacosdecacau.pt\\\/es\\\/#website\",\"url\":\"https:\\\/\\\/www.pedacosdecacau.pt\\\/es\\\/\",\"name\":\"Peda\u00e7os de Cacau\",\"description\":\"Mais um site WordPress\",\"publisher\":{\"@id\":\"https:\\\/\\\/www.pedacosdecacau.pt\\\/es\\\/#organization\"},\"potentialAction\":[{\"@type\":\"SearchAction\",\"target\":{\"@type\":\"EntryPoint\",\"urlTemplate\":\"https:\\\/\\\/www.pedacosdecacau.pt\\\/es\\\/?s={search_term_string}\"},\"query-input\":{\"@type\":\"PropertyValueSpecification\",\"valueRequired\":true,\"valueName\":\"search_term_string\"}}],\"inLanguage\":\"es\"},{\"@type\":\"Organization\",\"@id\":\"https:\\\/\\\/www.pedacosdecacau.pt\\\/es\\\/#organization\",\"name\":\"Peda\u00e7os de Cacau\",\"url\":\"https:\\\/\\\/www.pedacosdecacau.pt\\\/es\\\/\",\"logo\":{\"@type\":\"ImageObject\",\"inLanguage\":\"es\",\"@id\":\"https:\\\/\\\/www.pedacosdecacau.pt\\\/es\\\/#\\\/schema\\\/logo\\\/image\\\/\",\"url\":\"https:\\\/\\\/pedacosdecacau.pt\\\/wp-content\\\/uploads\\\/2025\\\/09\\\/cropped-PDC_BrancoSemFundo-4.png\",\"contentUrl\":\"https:\\\/\\\/pedacosdecacau.pt\\\/wp-content\\\/uploads\\\/2025\\\/09\\\/cropped-PDC_BrancoSemFundo-4.png\",\"width\":1059,\"height\":712,\"caption\":\"Peda\u00e7os de Cacau\"},\"image\":{\"@id\":\"https:\\\/\\\/www.pedacosdecacau.pt\\\/es\\\/#\\\/schema\\\/logo\\\/image\\\/\"}}]}<\/script>\n<!-- \/ Yoast SEO plugin. -->","yoast_head_json":{"title":"Caja de 16 bombones - Manjericos - Peda\u00e7os de Cacau","description":"La caja de chocolates que combina los sabores tradicionales de naranja y lim\u00f3n con el esperado y sorprendente bomb\u00f3n de albahaca.","robots":{"index":"index","follow":"follow","max-snippet":"max-snippet:-1","max-image-preview":"max-image-preview:large","max-video-preview":"max-video-preview:-1"},"canonical":"https:\/\/pedacosdecacau.pt\/es\/santos-populares-es\/caja-de-16-bombones-manjericos\/","og_locale":"es_ES","og_type":"article","og_title":"Caja de 16 bombones - Manjericos - Peda\u00e7os de Cacau","og_description":"La caja de chocolates que combina los sabores tradicionales de naranja y lim\u00f3n con el esperado y sorprendente bomb\u00f3n de albahaca.","og_url":"https:\/\/pedacosdecacau.pt\/es\/santos-populares-es\/caja-de-16-bombones-manjericos\/","og_site_name":"Peda\u00e7os de Cacau","og_image":[{"width":2560,"height":2499,"url":"https:\/\/pedacosdecacau.pt\/wp-content\/uploads\/2023\/05\/Caixa16Manjericos-1-scaled.jpg","type":"image\/jpeg"}],"twitter_card":"summary_large_image","schema":{"@context":"https:\/\/schema.org","@graph":[{"@type":"WebPage","@id":"https:\/\/pedacosdecacau.pt\/es\/santos-populares-es\/caja-de-16-bombones-manjericos\/","url":"https:\/\/pedacosdecacau.pt\/es\/santos-populares-es\/caja-de-16-bombones-manjericos\/","name":"Caja de 16 bombones - Manjericos - Peda\u00e7os de Cacau","isPartOf":{"@id":"https:\/\/www.pedacosdecacau.pt\/es\/#website"},"primaryImageOfPage":{"@id":"https:\/\/pedacosdecacau.pt\/es\/santos-populares-es\/caja-de-16-bombones-manjericos\/#primaryimage"},"image":{"@id":"https:\/\/pedacosdecacau.pt\/es\/santos-populares-es\/caja-de-16-bombones-manjericos\/#primaryimage"},"thumbnailUrl":"https:\/\/pedacosdecacau.pt\/wp-content\/uploads\/2023\/05\/Caixa16Manjericos-1-scaled.jpg","datePublished":"2023-05-17T14:28:00+00:00","description":"La caja de chocolates que combina los sabores tradicionales de naranja y lim\u00f3n con el esperado y sorprendente bomb\u00f3n de albahaca.","breadcrumb":{"@id":"https:\/\/pedacosdecacau.pt\/es\/santos-populares-es\/caja-de-16-bombones-manjericos\/#breadcrumb"},"inLanguage":"es","potentialAction":[{"@type":"ReadAction","target":["https:\/\/pedacosdecacau.pt\/es\/santos-populares-es\/caja-de-16-bombones-manjericos\/"]}]},{"@type":"ImageObject","inLanguage":"es","@id":"https:\/\/pedacosdecacau.pt\/es\/santos-populares-es\/caja-de-16-bombones-manjericos\/#primaryimage","url":"https:\/\/pedacosdecacau.pt\/wp-content\/uploads\/2023\/05\/Caixa16Manjericos-1-scaled.jpg","contentUrl":"https:\/\/pedacosdecacau.pt\/wp-content\/uploads\/2023\/05\/Caixa16Manjericos-1-scaled.jpg","width":2560,"height":2499,"caption":"Caixa 16 Manjericos"},{"@type":"BreadcrumbList","@id":"https:\/\/pedacosdecacau.pt\/es\/santos-populares-es\/caja-de-16-bombones-manjericos\/#breadcrumb","itemListElement":[{"@type":"ListItem","position":1,"name":"In\u00edcio","item":"https:\/\/pedacosdecacau.pt\/es\/"},{"@type":"ListItem","position":2,"name":"Loja","item":"https:\/\/www.pedacosdecacau.pt\/loja-online\/"},{"@type":"ListItem","position":3,"name":"Caja de 16 bombones &#8211; Manjericos"}]},{"@type":"WebSite","@id":"https:\/\/www.pedacosdecacau.pt\/es\/#website","url":"https:\/\/www.pedacosdecacau.pt\/es\/","name":"Peda\u00e7os de Cacau","description":"Mais um site WordPress","publisher":{"@id":"https:\/\/www.pedacosdecacau.pt\/es\/#organization"},"potentialAction":[{"@type":"SearchAction","target":{"@type":"EntryPoint","urlTemplate":"https:\/\/www.pedacosdecacau.pt\/es\/?s={search_term_string}"},"query-input":{"@type":"PropertyValueSpecification","valueRequired":true,"valueName":"search_term_string"}}],"inLanguage":"es"},{"@type":"Organization","@id":"https:\/\/www.pedacosdecacau.pt\/es\/#organization","name":"Peda\u00e7os de Cacau","url":"https:\/\/www.pedacosdecacau.pt\/es\/","logo":{"@type":"ImageObject","inLanguage":"es","@id":"https:\/\/www.pedacosdecacau.pt\/es\/#\/schema\/logo\/image\/","url":"https:\/\/pedacosdecacau.pt\/wp-content\/uploads\/2025\/09\/cropped-PDC_BrancoSemFundo-4.png","contentUrl":"https:\/\/pedacosdecacau.pt\/wp-content\/uploads\/2025\/09\/cropped-PDC_BrancoSemFundo-4.png","width":1059,"height":712,"caption":"Peda\u00e7os de Cacau"},"image":{"@id":"https:\/\/www.pedacosdecacau.pt\/es\/#\/schema\/logo\/image\/"}}]}},"_links":{"self":[{"href":"https:\/\/pedacosdecacau.pt\/es\/wp-json\/wp\/v2\/product\/39326","targetHints":{"allow":["GET"]}}],"collection":[{"href":"https:\/\/pedacosdecacau.pt\/es\/wp-json\/wp\/v2\/product"}],"about":[{"href":"https:\/\/pedacosdecacau.pt\/es\/wp-json\/wp\/v2\/types\/product"}],"replies":[{"embeddable":true,"href":"https:\/\/pedacosdecacau.pt\/es\/wp-json\/wp\/v2\/comments?post=39326"}],"wp:featuredmedia":[{"embeddable":true,"href":"https:\/\/pedacosdecacau.pt\/es\/wp-json\/wp\/v2\/media\/46257"}],"wp:attachment":[{"href":"https:\/\/pedacosdecacau.pt\/es\/wp-json\/wp\/v2\/media?parent=39326"}],"wp:term":[{"taxonomy":"product_brand","embeddable":true,"href":"https:\/\/pedacosdecacau.pt\/es\/wp-json\/wp\/v2\/product_brand?post=39326"},{"taxonomy":"product_cat","embeddable":true,"href":"https:\/\/pedacosdecacau.pt\/es\/wp-json\/wp\/v2\/product_cat?post=39326"},{"taxonomy":"product_tag","embeddable":true,"href":"https:\/\/pedacosdecacau.pt\/es\/wp-json\/wp\/v2\/product_tag?post=39326"}],"curies":[{"name":"wp","href":"https:\/\/api.w.org\/{rel}","templated":true}]}}