{"id":39322,"date":"2023-05-17T16:24:14","date_gmt":"2023-05-17T15:24:14","guid":{"rendered":"https:\/\/pedacosdecacau.pt\/sin categor\u00eda\/caja-de-16-chocolates-santos-populares\/"},"modified":"2023-05-17T16:24:14","modified_gmt":"2023-05-17T15:24:14","slug":"caja-de-16-chocolates-santos-populares","status":"publish","type":"product","link":"https:\/\/pedacosdecacau.pt\/es\/santos-populares-es\/caja-de-16-chocolates-santos-populares\/","title":{"rendered":"Caja de 16 chocolates &#8211; Santos Populares"},"content":{"rendered":"<p>Nuestros sorprendentes Chocolates &#8220;Santos Populares&#8221; a\u00f1aden un sabor fresco a los d\u00edas de fiesta y verano.<\/p>\n<ul>\n<li>Incluye 16 chocolates: 4 bombones rellenos de lim\u00f3n premiados, 4 bombones rellenos de naranja premiados, 4 bombones rellenos de Manjerico muy famoso (de chocolate negro, m\u00ednimo 54% de cacao) y 4 chocolates con mensajes de chocolate blanco.<\/li>\n<\/ul>\n<p>&nbsp;<\/p>\n<ul>\n<li>El bomb\u00f3n de naranja ha sido galardonado como &#8220;El Mejor de los Mejores&#8221;.<\/li>\n<li>El bomb\u00f3n de lim\u00f3n ha sido premiado con 1 estrella en el Great Taste 2016.<\/li>\n<li>El bomb\u00f3n de manjerico ha sido galardonado como &#8220;El Mejor Sabor con 3 estrellas&#8221; en los Great Taste Awards 2019.<\/li>\n<\/ul>\n<p>&nbsp;<\/p>\n<ul>\n<li>Fabricaci\u00f3n artesanal<\/li>\n<li>Sin colorantes ni conservantes.<\/li>\n<\/ul>\n<p>\u00a1Tus fiestas populares ser\u00e1n a\u00fan m\u00e1s deliciosas y divertidas con nuestros productos!<\/p>\n<p>Producto estacional<\/p>\n","protected":false},"excerpt":{"rendered":"<p>Para los verdaderos amantes del chocolate que disfrutan de la temporada que huele a manjerico, hemos creado la caja de bombones &#8220;Santos Populares&#8221;. Incluye 16 chocolates: 4 bombones premiados de lim\u00f3n, 4 bombones premiados de naranja, 4 bombones de manjerico (de chocolate negro, m\u00ednimo 54% de cacao) y 4 chocolates con mensajes de chocolate blanco: <strong>\u00a1Finalmente ha llegado esa \u00e9poca del a\u00f1o! \u00a1Que comiencen las festas populares! <\/strong><\/p>\n<p>El bomb\u00f3n de lim\u00f3n fue galardonado por los Great Taste Awards como &#8220;El Mejor Sabor&#8221; con una estrella, equivalente a una estrella Michelin de los productos artesanales en Inglaterra.<\/p>\n<p>El bomb\u00f3n de naranja fue premiado con la medalla &#8220;El Mejor de los Mejores&#8221; en el Concurso Nacional de Chocolates Artesanales 2017.<\/p>\n<p>El bomb\u00f3n de manjerico ha sido galardonado como &#8220;El Mejor Sabor con 3 estrellas&#8221; en los Great Taste Awards 2019.<\/p>\n<p>&nbsp;<\/p>\n<p>Para a\u00f1adir un toque de frescura a estos d\u00edas festivos, tambi\u00e9n te recomendamos probar nuestro <strong>Bomb\u00f3n de Manjerico<\/strong>, ganador del premio &#8220;Great Taste&#8221; con 3 estrellas (la m\u00e1xima calificaci\u00f3n), reconocido por el jurado como &#8220;interesante e innovador&#8221;.<\/p>\n<p>Todos los bombones son elaborados y decorados de forma artesanal.<\/p>\n<p>&nbsp;<\/p>\n<div class=\"gmail_default\">\n<h3>\u00bfPor qu\u00e9 regalar esta caja con bombones artesanales de Peda\u00e7os de Cacau?<\/h3>\n<\/div>\n<p><strong>Porque es un regalo galardonado <\/strong>Nuestro bomb\u00f3n de naranja fue galardonado con la medalla &#8220;Mejor de los Mejores&#8221; en el Concurso Nacional de Chocolates Tradicionales 2017, el bomb\u00f3n de lim\u00f3n fue considerado &#8220;Mejor Sabor con 1 estrella&#8221; en los premios Great Taste Awards del mismo a\u00f1o, y nuestro bomb\u00f3n de Manjerico fue galardonado internacionalmente con la medalla de 3 estrellas en el concurso Great Taste en 2019.<\/p>\n<p><strong>Porque es un regalo especial para los Santos <\/strong>El chocolate puede ser un regalo com\u00fan en ocasiones especiales, pero el chocolate artesanal de alta calidad con mensajes impresos tiene a\u00fan m\u00e1s valor en las \u00e9pocas festivas.<\/p>\n<p><strong>Porque es un regalo delicioso y artesanal. <\/strong>Nuestros bombones son elaborados de forma artesanal, con mucho amor, sin colorantes ni conservantes, lo que les confiere un sabor \u00fanico e inigualable. Nuestros bombones cuentan con el sello Portugal Sou Eu.<\/p>\n<p><strong>Y&#8230; \u00a1porque es chocolate de excelencia!<\/strong><\/p>\n","protected":false},"featured_media":39252,"comment_status":"open","ping_status":"closed","template":"","meta":{"inline_featured_image":false},"product_brand":[],"product_cat":[757,762],"product_tag":[769,770,771,763,764,765,766,767,768],"class_list":{"0":"post-39322","1":"product","2":"type-product","3":"status-publish","4":"has-post-thumbnail","6":"product_cat-bombones","7":"product_cat-santos-populares-es","8":"product_tag-cacao-crujiente","9":"product_tag-naranja","10":"product_tag-bombones","11":"product_tag-chocolate-negro-es","12":"product_tag-54-de-cacao","13":"product_tag-bombones-artesanales","14":"product_tag-con-premios","15":"product_tag-manjerico-es","16":"product_tag-relleno","18":"first","19":"instock","20":"taxable","21":"shipping-taxable","22":"purchasable","23":"product-type-simple"},"yoast_head":"<!-- This site is optimized with the Yoast SEO plugin v27.3 - https:\/\/yoast.com\/product\/yoast-seo-wordpress\/ -->\n<title>Caja de 16 chocolates - Santos Populares - Peda\u00e7os de Cacau<\/title>\n<meta name=\"description\" content=\"Nuestros sorprendentes 16 Chocolates &quot;Santos Populares&quot; aportan un sabor fresco y mucha animaci\u00f3n a los d\u00edas de fiesta y verano...\" \/>\n<meta name=\"robots\" content=\"index, follow, max-snippet:-1, max-image-preview:large, max-video-preview:-1\" \/>\n<link rel=\"canonical\" href=\"https:\/\/pedacosdecacau.pt\/es\/santos-populares-es\/caja-de-16-chocolates-santos-populares\/\" \/>\n<meta property=\"og:locale\" content=\"es_ES\" \/>\n<meta property=\"og:type\" content=\"article\" \/>\n<meta property=\"og:title\" content=\"Caja de 16 chocolates - Santos Populares - Peda\u00e7os de Cacau\" \/>\n<meta property=\"og:description\" content=\"Nuestros sorprendentes 16 Chocolates &quot;Santos Populares&quot; aportan un sabor fresco y mucha animaci\u00f3n a los d\u00edas de fiesta y verano...\" \/>\n<meta property=\"og:url\" content=\"https:\/\/pedacosdecacau.pt\/es\/santos-populares-es\/caja-de-16-chocolates-santos-populares\/\" \/>\n<meta property=\"og:site_name\" content=\"Peda\u00e7os de Cacau\" \/>\n<meta property=\"og:image\" content=\"https:\/\/pedacosdecacau.pt\/wp-content\/uploads\/2023\/05\/Editada-scaled.jpg\" \/>\n\t<meta property=\"og:image:width\" content=\"2560\" \/>\n\t<meta property=\"og:image:height\" content=\"2560\" \/>\n\t<meta property=\"og:image:type\" content=\"image\/jpeg\" \/>\n<meta name=\"twitter:card\" content=\"summary_large_image\" \/>\n<meta name=\"twitter:label1\" content=\"Tiempo de lectura\" \/>\n\t<meta name=\"twitter:data1\" content=\"1 minuto\" \/>\n<script type=\"application\/ld+json\" class=\"yoast-schema-graph\">{\"@context\":\"https:\\\/\\\/schema.org\",\"@graph\":[{\"@type\":\"WebPage\",\"@id\":\"https:\\\/\\\/pedacosdecacau.pt\\\/es\\\/santos-populares-es\\\/caja-de-16-chocolates-santos-populares\\\/\",\"url\":\"https:\\\/\\\/pedacosdecacau.pt\\\/es\\\/santos-populares-es\\\/caja-de-16-chocolates-santos-populares\\\/\",\"name\":\"Caja de 16 chocolates - Santos Populares - Peda\u00e7os de Cacau\",\"isPartOf\":{\"@id\":\"https:\\\/\\\/www.pedacosdecacau.pt\\\/es\\\/#website\"},\"primaryImageOfPage\":{\"@id\":\"https:\\\/\\\/pedacosdecacau.pt\\\/es\\\/santos-populares-es\\\/caja-de-16-chocolates-santos-populares\\\/#primaryimage\"},\"image\":{\"@id\":\"https:\\\/\\\/pedacosdecacau.pt\\\/es\\\/santos-populares-es\\\/caja-de-16-chocolates-santos-populares\\\/#primaryimage\"},\"thumbnailUrl\":\"https:\\\/\\\/pedacosdecacau.pt\\\/wp-content\\\/uploads\\\/2023\\\/05\\\/Editada-scaled.jpg\",\"datePublished\":\"2023-05-17T15:24:14+00:00\",\"description\":\"Nuestros sorprendentes 16 Chocolates \\\"Santos Populares\\\" aportan un sabor fresco y mucha animaci\u00f3n a los d\u00edas de fiesta y verano...\",\"breadcrumb\":{\"@id\":\"https:\\\/\\\/pedacosdecacau.pt\\\/es\\\/santos-populares-es\\\/caja-de-16-chocolates-santos-populares\\\/#breadcrumb\"},\"inLanguage\":\"es\",\"potentialAction\":[{\"@type\":\"ReadAction\",\"target\":[\"https:\\\/\\\/pedacosdecacau.pt\\\/es\\\/santos-populares-es\\\/caja-de-16-chocolates-santos-populares\\\/\"]}]},{\"@type\":\"ImageObject\",\"inLanguage\":\"es\",\"@id\":\"https:\\\/\\\/pedacosdecacau.pt\\\/es\\\/santos-populares-es\\\/caja-de-16-chocolates-santos-populares\\\/#primaryimage\",\"url\":\"https:\\\/\\\/pedacosdecacau.pt\\\/wp-content\\\/uploads\\\/2023\\\/05\\\/Editada-scaled.jpg\",\"contentUrl\":\"https:\\\/\\\/pedacosdecacau.pt\\\/wp-content\\\/uploads\\\/2023\\\/05\\\/Editada-scaled.jpg\",\"width\":2560,\"height\":2560,\"caption\":\"Chocolates Santos Populares Caixa 16\"},{\"@type\":\"BreadcrumbList\",\"@id\":\"https:\\\/\\\/pedacosdecacau.pt\\\/es\\\/santos-populares-es\\\/caja-de-16-chocolates-santos-populares\\\/#breadcrumb\",\"itemListElement\":[{\"@type\":\"ListItem\",\"position\":1,\"name\":\"In\u00edcio\",\"item\":\"https:\\\/\\\/pedacosdecacau.pt\\\/es\\\/\"},{\"@type\":\"ListItem\",\"position\":2,\"name\":\"Loja\",\"item\":\"https:\\\/\\\/www.pedacosdecacau.pt\\\/loja-online\\\/\"},{\"@type\":\"ListItem\",\"position\":3,\"name\":\"Caja de 16 chocolates &#8211; Santos Populares\"}]},{\"@type\":\"WebSite\",\"@id\":\"https:\\\/\\\/www.pedacosdecacau.pt\\\/es\\\/#website\",\"url\":\"https:\\\/\\\/www.pedacosdecacau.pt\\\/es\\\/\",\"name\":\"Peda\u00e7os de Cacau\",\"description\":\"Mais um site WordPress\",\"publisher\":{\"@id\":\"https:\\\/\\\/www.pedacosdecacau.pt\\\/es\\\/#organization\"},\"potentialAction\":[{\"@type\":\"SearchAction\",\"target\":{\"@type\":\"EntryPoint\",\"urlTemplate\":\"https:\\\/\\\/www.pedacosdecacau.pt\\\/es\\\/?s={search_term_string}\"},\"query-input\":{\"@type\":\"PropertyValueSpecification\",\"valueRequired\":true,\"valueName\":\"search_term_string\"}}],\"inLanguage\":\"es\"},{\"@type\":\"Organization\",\"@id\":\"https:\\\/\\\/www.pedacosdecacau.pt\\\/es\\\/#organization\",\"name\":\"Peda\u00e7os de Cacau\",\"url\":\"https:\\\/\\\/www.pedacosdecacau.pt\\\/es\\\/\",\"logo\":{\"@type\":\"ImageObject\",\"inLanguage\":\"es\",\"@id\":\"https:\\\/\\\/www.pedacosdecacau.pt\\\/es\\\/#\\\/schema\\\/logo\\\/image\\\/\",\"url\":\"https:\\\/\\\/pedacosdecacau.pt\\\/wp-content\\\/uploads\\\/2025\\\/09\\\/cropped-PDC_BrancoSemFundo-4.png\",\"contentUrl\":\"https:\\\/\\\/pedacosdecacau.pt\\\/wp-content\\\/uploads\\\/2025\\\/09\\\/cropped-PDC_BrancoSemFundo-4.png\",\"width\":1059,\"height\":712,\"caption\":\"Peda\u00e7os de Cacau\"},\"image\":{\"@id\":\"https:\\\/\\\/www.pedacosdecacau.pt\\\/es\\\/#\\\/schema\\\/logo\\\/image\\\/\"}}]}<\/script>\n<!-- \/ Yoast SEO plugin. -->","yoast_head_json":{"title":"Caja de 16 chocolates - Santos Populares - Peda\u00e7os de Cacau","description":"Nuestros sorprendentes 16 Chocolates \"Santos Populares\" aportan un sabor fresco y mucha animaci\u00f3n a los d\u00edas de fiesta y verano...","robots":{"index":"index","follow":"follow","max-snippet":"max-snippet:-1","max-image-preview":"max-image-preview:large","max-video-preview":"max-video-preview:-1"},"canonical":"https:\/\/pedacosdecacau.pt\/es\/santos-populares-es\/caja-de-16-chocolates-santos-populares\/","og_locale":"es_ES","og_type":"article","og_title":"Caja de 16 chocolates - Santos Populares - Peda\u00e7os de Cacau","og_description":"Nuestros sorprendentes 16 Chocolates \"Santos Populares\" aportan un sabor fresco y mucha animaci\u00f3n a los d\u00edas de fiesta y verano...","og_url":"https:\/\/pedacosdecacau.pt\/es\/santos-populares-es\/caja-de-16-chocolates-santos-populares\/","og_site_name":"Peda\u00e7os de Cacau","og_image":[{"width":2560,"height":2560,"url":"https:\/\/pedacosdecacau.pt\/wp-content\/uploads\/2023\/05\/Editada-scaled.jpg","type":"image\/jpeg"}],"twitter_card":"summary_large_image","twitter_misc":{"Tiempo de lectura":"1 minuto"},"schema":{"@context":"https:\/\/schema.org","@graph":[{"@type":"WebPage","@id":"https:\/\/pedacosdecacau.pt\/es\/santos-populares-es\/caja-de-16-chocolates-santos-populares\/","url":"https:\/\/pedacosdecacau.pt\/es\/santos-populares-es\/caja-de-16-chocolates-santos-populares\/","name":"Caja de 16 chocolates - Santos Populares - Peda\u00e7os de Cacau","isPartOf":{"@id":"https:\/\/www.pedacosdecacau.pt\/es\/#website"},"primaryImageOfPage":{"@id":"https:\/\/pedacosdecacau.pt\/es\/santos-populares-es\/caja-de-16-chocolates-santos-populares\/#primaryimage"},"image":{"@id":"https:\/\/pedacosdecacau.pt\/es\/santos-populares-es\/caja-de-16-chocolates-santos-populares\/#primaryimage"},"thumbnailUrl":"https:\/\/pedacosdecacau.pt\/wp-content\/uploads\/2023\/05\/Editada-scaled.jpg","datePublished":"2023-05-17T15:24:14+00:00","description":"Nuestros sorprendentes 16 Chocolates \"Santos Populares\" aportan un sabor fresco y mucha animaci\u00f3n a los d\u00edas de fiesta y verano...","breadcrumb":{"@id":"https:\/\/pedacosdecacau.pt\/es\/santos-populares-es\/caja-de-16-chocolates-santos-populares\/#breadcrumb"},"inLanguage":"es","potentialAction":[{"@type":"ReadAction","target":["https:\/\/pedacosdecacau.pt\/es\/santos-populares-es\/caja-de-16-chocolates-santos-populares\/"]}]},{"@type":"ImageObject","inLanguage":"es","@id":"https:\/\/pedacosdecacau.pt\/es\/santos-populares-es\/caja-de-16-chocolates-santos-populares\/#primaryimage","url":"https:\/\/pedacosdecacau.pt\/wp-content\/uploads\/2023\/05\/Editada-scaled.jpg","contentUrl":"https:\/\/pedacosdecacau.pt\/wp-content\/uploads\/2023\/05\/Editada-scaled.jpg","width":2560,"height":2560,"caption":"Chocolates Santos Populares Caixa 16"},{"@type":"BreadcrumbList","@id":"https:\/\/pedacosdecacau.pt\/es\/santos-populares-es\/caja-de-16-chocolates-santos-populares\/#breadcrumb","itemListElement":[{"@type":"ListItem","position":1,"name":"In\u00edcio","item":"https:\/\/pedacosdecacau.pt\/es\/"},{"@type":"ListItem","position":2,"name":"Loja","item":"https:\/\/www.pedacosdecacau.pt\/loja-online\/"},{"@type":"ListItem","position":3,"name":"Caja de 16 chocolates &#8211; Santos Populares"}]},{"@type":"WebSite","@id":"https:\/\/www.pedacosdecacau.pt\/es\/#website","url":"https:\/\/www.pedacosdecacau.pt\/es\/","name":"Peda\u00e7os de Cacau","description":"Mais um site WordPress","publisher":{"@id":"https:\/\/www.pedacosdecacau.pt\/es\/#organization"},"potentialAction":[{"@type":"SearchAction","target":{"@type":"EntryPoint","urlTemplate":"https:\/\/www.pedacosdecacau.pt\/es\/?s={search_term_string}"},"query-input":{"@type":"PropertyValueSpecification","valueRequired":true,"valueName":"search_term_string"}}],"inLanguage":"es"},{"@type":"Organization","@id":"https:\/\/www.pedacosdecacau.pt\/es\/#organization","name":"Peda\u00e7os de Cacau","url":"https:\/\/www.pedacosdecacau.pt\/es\/","logo":{"@type":"ImageObject","inLanguage":"es","@id":"https:\/\/www.pedacosdecacau.pt\/es\/#\/schema\/logo\/image\/","url":"https:\/\/pedacosdecacau.pt\/wp-content\/uploads\/2025\/09\/cropped-PDC_BrancoSemFundo-4.png","contentUrl":"https:\/\/pedacosdecacau.pt\/wp-content\/uploads\/2025\/09\/cropped-PDC_BrancoSemFundo-4.png","width":1059,"height":712,"caption":"Peda\u00e7os de Cacau"},"image":{"@id":"https:\/\/www.pedacosdecacau.pt\/es\/#\/schema\/logo\/image\/"}}]}},"_links":{"self":[{"href":"https:\/\/pedacosdecacau.pt\/es\/wp-json\/wp\/v2\/product\/39322","targetHints":{"allow":["GET"]}}],"collection":[{"href":"https:\/\/pedacosdecacau.pt\/es\/wp-json\/wp\/v2\/product"}],"about":[{"href":"https:\/\/pedacosdecacau.pt\/es\/wp-json\/wp\/v2\/types\/product"}],"replies":[{"embeddable":true,"href":"https:\/\/pedacosdecacau.pt\/es\/wp-json\/wp\/v2\/comments?post=39322"}],"wp:featuredmedia":[{"embeddable":true,"href":"https:\/\/pedacosdecacau.pt\/es\/wp-json\/wp\/v2\/media\/39252"}],"wp:attachment":[{"href":"https:\/\/pedacosdecacau.pt\/es\/wp-json\/wp\/v2\/media?parent=39322"}],"wp:term":[{"taxonomy":"product_brand","embeddable":true,"href":"https:\/\/pedacosdecacau.pt\/es\/wp-json\/wp\/v2\/product_brand?post=39322"},{"taxonomy":"product_cat","embeddable":true,"href":"https:\/\/pedacosdecacau.pt\/es\/wp-json\/wp\/v2\/product_cat?post=39322"},{"taxonomy":"product_tag","embeddable":true,"href":"https:\/\/pedacosdecacau.pt\/es\/wp-json\/wp\/v2\/product_tag?post=39322"}],"curies":[{"name":"wp","href":"https:\/\/api.w.org\/{rel}","templated":true}]}}