{"id":39258,"date":"2022-10-06T14:20:11","date_gmt":"2022-10-06T13:20:11","guid":{"rendered":"https:\/\/pedacosdecacau.pt\/uncategorized\/exotic-chocolate-granola\/"},"modified":"2022-10-06T14:20:11","modified_gmt":"2022-10-06T13:20:11","slug":"exotic-chocolate-granola","status":"publish","type":"product","link":"https:\/\/pedacosdecacau.pt\/en\/other-chocolates\/exotic-chocolate-granola\/","title":{"rendered":"Exotic Chocolate Granola"},"content":{"rendered":"<p>The Exotic Chocolate Granola was created to help reduce chocolate waste at the Ateli\u00ea.<\/p>\n<ul>\n<li>1 bag of Dark Chocolate Granola (420g), made with the surplus production of our Peda\u00e7os de Cacau, so the flavor will always be different and surprising.<\/li>\n<li>The result of the collaboration between two entrepreneurs, combining what each of them knows how to do best.<\/li>\n<li>Handcrafted production, without artificial colors or preservatives.<\/li>\n<\/ul>\n","protected":false},"excerpt":{"rendered":"<p>The granola was originally made by P\u00e3o da M\u00f3, but currently, it is produced in our ateli\u00ea using the surplus production of Peda\u00e7os de Cacau. Therefore, each bag is unique and will have a surprising flavor &#8211; in fact, every spoonful of this granola can be a completely new experience.<\/p>\n","protected":false},"featured_media":37764,"comment_status":"open","ping_status":"closed","template":"","meta":{"inline_featured_image":false},"product_brand":[],"product_cat":[742],"product_tag":[747,675,676,702,743,746],"class_list":{"0":"post-39258","1":"product","2":"type-product","3":"status-publish","4":"has-post-thumbnail","6":"product_cat-other-chocolates","7":"product_tag-granola-en","8":"product_tag-handmade-chocolate","9":"product_tag-dark-chocolate","10":"product_tag-54-cocoa","11":"product_tag-artisanal","12":"product_tag-oats","14":"first","15":"instock","16":"taxable","17":"shipping-taxable","18":"purchasable","19":"product-type-simple"},"yoast_head":"<!-- This site is optimized with the Yoast SEO plugin v27.3 - https:\/\/yoast.com\/product\/yoast-seo-wordpress\/ -->\n<title>Exotic Chocolate Granola - Peda\u00e7os de Cacau<\/title>\n<meta name=\"description\" content=\"The granola was originally made by P\u00e3o da M\u00f3, but currently, it is produced in our ateli\u00ea using the surplus production of Peda\u00e7os de Cacau. Therefore, each...\" \/>\n<meta name=\"robots\" content=\"index, follow, max-snippet:-1, max-image-preview:large, max-video-preview:-1\" \/>\n<link rel=\"canonical\" href=\"https:\/\/pedacosdecacau.pt\/en\/other-chocolates\/exotic-chocolate-granola\/\" \/>\n<meta property=\"og:locale\" content=\"en_US\" \/>\n<meta property=\"og:type\" content=\"article\" \/>\n<meta property=\"og:title\" content=\"Exotic Chocolate Granola - Peda\u00e7os de Cacau\" \/>\n<meta property=\"og:description\" content=\"The granola was originally made by P\u00e3o da M\u00f3, but currently, it is produced in our ateli\u00ea using the surplus production of Peda\u00e7os de Cacau. Therefore, each...\" \/>\n<meta property=\"og:url\" content=\"https:\/\/pedacosdecacau.pt\/en\/other-chocolates\/exotic-chocolate-granola\/\" \/>\n<meta property=\"og:site_name\" content=\"Peda\u00e7os de Cacau\" \/>\n<meta property=\"og:image\" content=\"https:\/\/pedacosdecacau.pt\/wp-content\/uploads\/2022\/10\/granola.jpg\" \/>\n\t<meta property=\"og:image:width\" content=\"1920\" \/>\n\t<meta property=\"og:image:height\" content=\"1874\" \/>\n\t<meta property=\"og:image:type\" content=\"image\/jpeg\" \/>\n<meta name=\"twitter:card\" content=\"summary_large_image\" \/>\n<script type=\"application\/ld+json\" class=\"yoast-schema-graph\">{\"@context\":\"https:\\\/\\\/schema.org\",\"@graph\":[{\"@type\":\"WebPage\",\"@id\":\"https:\\\/\\\/pedacosdecacau.pt\\\/en\\\/other-chocolates\\\/exotic-chocolate-granola\\\/\",\"url\":\"https:\\\/\\\/pedacosdecacau.pt\\\/en\\\/other-chocolates\\\/exotic-chocolate-granola\\\/\",\"name\":\"Exotic Chocolate Granola - Peda\u00e7os de Cacau\",\"isPartOf\":{\"@id\":\"https:\\\/\\\/www.pedacosdecacau.pt\\\/en\\\/#website\"},\"primaryImageOfPage\":{\"@id\":\"https:\\\/\\\/pedacosdecacau.pt\\\/en\\\/other-chocolates\\\/exotic-chocolate-granola\\\/#primaryimage\"},\"image\":{\"@id\":\"https:\\\/\\\/pedacosdecacau.pt\\\/en\\\/other-chocolates\\\/exotic-chocolate-granola\\\/#primaryimage\"},\"thumbnailUrl\":\"https:\\\/\\\/pedacosdecacau.pt\\\/wp-content\\\/uploads\\\/2022\\\/10\\\/granola.jpg\",\"datePublished\":\"2022-10-06T13:20:11+00:00\",\"description\":\"The granola was originally made by P\u00e3o da M\u00f3, but currently, it is produced in our ateli\u00ea using the surplus production of Peda\u00e7os de Cacau. Therefore, each...\",\"breadcrumb\":{\"@id\":\"https:\\\/\\\/pedacosdecacau.pt\\\/en\\\/other-chocolates\\\/exotic-chocolate-granola\\\/#breadcrumb\"},\"inLanguage\":\"en-US\",\"potentialAction\":[{\"@type\":\"ReadAction\",\"target\":[\"https:\\\/\\\/pedacosdecacau.pt\\\/en\\\/other-chocolates\\\/exotic-chocolate-granola\\\/\"]}]},{\"@type\":\"ImageObject\",\"inLanguage\":\"en-US\",\"@id\":\"https:\\\/\\\/pedacosdecacau.pt\\\/en\\\/other-chocolates\\\/exotic-chocolate-granola\\\/#primaryimage\",\"url\":\"https:\\\/\\\/pedacosdecacau.pt\\\/wp-content\\\/uploads\\\/2022\\\/10\\\/granola.jpg\",\"contentUrl\":\"https:\\\/\\\/pedacosdecacau.pt\\\/wp-content\\\/uploads\\\/2022\\\/10\\\/granola.jpg\",\"width\":1920,\"height\":1874,\"caption\":\"granola exotica chocolate pedacos de cacau\"},{\"@type\":\"BreadcrumbList\",\"@id\":\"https:\\\/\\\/pedacosdecacau.pt\\\/en\\\/other-chocolates\\\/exotic-chocolate-granola\\\/#breadcrumb\",\"itemListElement\":[{\"@type\":\"ListItem\",\"position\":1,\"name\":\"In\u00edcio\",\"item\":\"https:\\\/\\\/pedacosdecacau.pt\\\/en\\\/\"},{\"@type\":\"ListItem\",\"position\":2,\"name\":\"Loja\",\"item\":\"https:\\\/\\\/www.pedacosdecacau.pt\\\/loja-online\\\/\"},{\"@type\":\"ListItem\",\"position\":3,\"name\":\"Exotic Chocolate Granola\"}]},{\"@type\":\"WebSite\",\"@id\":\"https:\\\/\\\/www.pedacosdecacau.pt\\\/en\\\/#website\",\"url\":\"https:\\\/\\\/www.pedacosdecacau.pt\\\/en\\\/\",\"name\":\"Peda\u00e7os de Cacau\",\"description\":\"Mais um site WordPress\",\"publisher\":{\"@id\":\"https:\\\/\\\/www.pedacosdecacau.pt\\\/en\\\/#organization\"},\"potentialAction\":[{\"@type\":\"SearchAction\",\"target\":{\"@type\":\"EntryPoint\",\"urlTemplate\":\"https:\\\/\\\/www.pedacosdecacau.pt\\\/en\\\/?s={search_term_string}\"},\"query-input\":{\"@type\":\"PropertyValueSpecification\",\"valueRequired\":true,\"valueName\":\"search_term_string\"}}],\"inLanguage\":\"en-US\"},{\"@type\":\"Organization\",\"@id\":\"https:\\\/\\\/www.pedacosdecacau.pt\\\/en\\\/#organization\",\"name\":\"Peda\u00e7os de Cacau\",\"url\":\"https:\\\/\\\/www.pedacosdecacau.pt\\\/en\\\/\",\"logo\":{\"@type\":\"ImageObject\",\"inLanguage\":\"en-US\",\"@id\":\"https:\\\/\\\/www.pedacosdecacau.pt\\\/en\\\/#\\\/schema\\\/logo\\\/image\\\/\",\"url\":\"https:\\\/\\\/pedacosdecacau.pt\\\/wp-content\\\/uploads\\\/2025\\\/09\\\/cropped-PDC_BrancoSemFundo-4.png\",\"contentUrl\":\"https:\\\/\\\/pedacosdecacau.pt\\\/wp-content\\\/uploads\\\/2025\\\/09\\\/cropped-PDC_BrancoSemFundo-4.png\",\"width\":1059,\"height\":712,\"caption\":\"Peda\u00e7os de Cacau\"},\"image\":{\"@id\":\"https:\\\/\\\/www.pedacosdecacau.pt\\\/en\\\/#\\\/schema\\\/logo\\\/image\\\/\"}}]}<\/script>\n<!-- \/ Yoast SEO plugin. -->","yoast_head_json":{"title":"Exotic Chocolate Granola - Peda\u00e7os de Cacau","description":"The granola was originally made by P\u00e3o da M\u00f3, but currently, it is produced in our ateli\u00ea using the surplus production of Peda\u00e7os de Cacau. Therefore, each...","robots":{"index":"index","follow":"follow","max-snippet":"max-snippet:-1","max-image-preview":"max-image-preview:large","max-video-preview":"max-video-preview:-1"},"canonical":"https:\/\/pedacosdecacau.pt\/en\/other-chocolates\/exotic-chocolate-granola\/","og_locale":"en_US","og_type":"article","og_title":"Exotic Chocolate Granola - Peda\u00e7os de Cacau","og_description":"The granola was originally made by P\u00e3o da M\u00f3, but currently, it is produced in our ateli\u00ea using the surplus production of Peda\u00e7os de Cacau. Therefore, each...","og_url":"https:\/\/pedacosdecacau.pt\/en\/other-chocolates\/exotic-chocolate-granola\/","og_site_name":"Peda\u00e7os de Cacau","og_image":[{"width":1920,"height":1874,"url":"https:\/\/pedacosdecacau.pt\/wp-content\/uploads\/2022\/10\/granola.jpg","type":"image\/jpeg"}],"twitter_card":"summary_large_image","schema":{"@context":"https:\/\/schema.org","@graph":[{"@type":"WebPage","@id":"https:\/\/pedacosdecacau.pt\/en\/other-chocolates\/exotic-chocolate-granola\/","url":"https:\/\/pedacosdecacau.pt\/en\/other-chocolates\/exotic-chocolate-granola\/","name":"Exotic Chocolate Granola - Peda\u00e7os de Cacau","isPartOf":{"@id":"https:\/\/www.pedacosdecacau.pt\/en\/#website"},"primaryImageOfPage":{"@id":"https:\/\/pedacosdecacau.pt\/en\/other-chocolates\/exotic-chocolate-granola\/#primaryimage"},"image":{"@id":"https:\/\/pedacosdecacau.pt\/en\/other-chocolates\/exotic-chocolate-granola\/#primaryimage"},"thumbnailUrl":"https:\/\/pedacosdecacau.pt\/wp-content\/uploads\/2022\/10\/granola.jpg","datePublished":"2022-10-06T13:20:11+00:00","description":"The granola was originally made by P\u00e3o da M\u00f3, but currently, it is produced in our ateli\u00ea using the surplus production of Peda\u00e7os de Cacau. Therefore, each...","breadcrumb":{"@id":"https:\/\/pedacosdecacau.pt\/en\/other-chocolates\/exotic-chocolate-granola\/#breadcrumb"},"inLanguage":"en-US","potentialAction":[{"@type":"ReadAction","target":["https:\/\/pedacosdecacau.pt\/en\/other-chocolates\/exotic-chocolate-granola\/"]}]},{"@type":"ImageObject","inLanguage":"en-US","@id":"https:\/\/pedacosdecacau.pt\/en\/other-chocolates\/exotic-chocolate-granola\/#primaryimage","url":"https:\/\/pedacosdecacau.pt\/wp-content\/uploads\/2022\/10\/granola.jpg","contentUrl":"https:\/\/pedacosdecacau.pt\/wp-content\/uploads\/2022\/10\/granola.jpg","width":1920,"height":1874,"caption":"granola exotica chocolate pedacos de cacau"},{"@type":"BreadcrumbList","@id":"https:\/\/pedacosdecacau.pt\/en\/other-chocolates\/exotic-chocolate-granola\/#breadcrumb","itemListElement":[{"@type":"ListItem","position":1,"name":"In\u00edcio","item":"https:\/\/pedacosdecacau.pt\/en\/"},{"@type":"ListItem","position":2,"name":"Loja","item":"https:\/\/www.pedacosdecacau.pt\/loja-online\/"},{"@type":"ListItem","position":3,"name":"Exotic Chocolate Granola"}]},{"@type":"WebSite","@id":"https:\/\/www.pedacosdecacau.pt\/en\/#website","url":"https:\/\/www.pedacosdecacau.pt\/en\/","name":"Peda\u00e7os de Cacau","description":"Mais um site WordPress","publisher":{"@id":"https:\/\/www.pedacosdecacau.pt\/en\/#organization"},"potentialAction":[{"@type":"SearchAction","target":{"@type":"EntryPoint","urlTemplate":"https:\/\/www.pedacosdecacau.pt\/en\/?s={search_term_string}"},"query-input":{"@type":"PropertyValueSpecification","valueRequired":true,"valueName":"search_term_string"}}],"inLanguage":"en-US"},{"@type":"Organization","@id":"https:\/\/www.pedacosdecacau.pt\/en\/#organization","name":"Peda\u00e7os de Cacau","url":"https:\/\/www.pedacosdecacau.pt\/en\/","logo":{"@type":"ImageObject","inLanguage":"en-US","@id":"https:\/\/www.pedacosdecacau.pt\/en\/#\/schema\/logo\/image\/","url":"https:\/\/pedacosdecacau.pt\/wp-content\/uploads\/2025\/09\/cropped-PDC_BrancoSemFundo-4.png","contentUrl":"https:\/\/pedacosdecacau.pt\/wp-content\/uploads\/2025\/09\/cropped-PDC_BrancoSemFundo-4.png","width":1059,"height":712,"caption":"Peda\u00e7os de Cacau"},"image":{"@id":"https:\/\/www.pedacosdecacau.pt\/en\/#\/schema\/logo\/image\/"}}]}},"_links":{"self":[{"href":"https:\/\/pedacosdecacau.pt\/en\/wp-json\/wp\/v2\/product\/39258","targetHints":{"allow":["GET"]}}],"collection":[{"href":"https:\/\/pedacosdecacau.pt\/en\/wp-json\/wp\/v2\/product"}],"about":[{"href":"https:\/\/pedacosdecacau.pt\/en\/wp-json\/wp\/v2\/types\/product"}],"replies":[{"embeddable":true,"href":"https:\/\/pedacosdecacau.pt\/en\/wp-json\/wp\/v2\/comments?post=39258"}],"wp:featuredmedia":[{"embeddable":true,"href":"https:\/\/pedacosdecacau.pt\/en\/wp-json\/wp\/v2\/media\/37764"}],"wp:attachment":[{"href":"https:\/\/pedacosdecacau.pt\/en\/wp-json\/wp\/v2\/media?parent=39258"}],"wp:term":[{"taxonomy":"product_brand","embeddable":true,"href":"https:\/\/pedacosdecacau.pt\/en\/wp-json\/wp\/v2\/product_brand?post=39258"},{"taxonomy":"product_cat","embeddable":true,"href":"https:\/\/pedacosdecacau.pt\/en\/wp-json\/wp\/v2\/product_cat?post=39258"},{"taxonomy":"product_tag","embeddable":true,"href":"https:\/\/pedacosdecacau.pt\/en\/wp-json\/wp\/v2\/product_tag?post=39258"}],"curies":[{"name":"wp","href":"https:\/\/api.w.org\/{rel}","templated":true}]}}