{"id":39165,"date":"2023-05-17T12:31:14","date_gmt":"2023-05-17T11:31:14","guid":{"rendered":"https:\/\/pedacosdecacau.pt\/uncategorized\/box-of-9-fresh-truffles\/"},"modified":"2023-05-17T12:31:14","modified_gmt":"2023-05-17T11:31:14","slug":"box-of-9-fresh-truffles","status":"publish","type":"product","link":"https:\/\/pedacosdecacau.pt\/en\/popular-saints\/box-of-9-fresh-truffles\/","title":{"rendered":"Box of 9 Fresh Truffles"},"content":{"rendered":"<p>The <strong>Box of 9 Award-Winning Truffles<\/strong> is a box of handmade truffles featuring the traditional flavors of orange and lemon, accompanied by the most anticipated bombom of the year, the highly acclaimed and full of character Manjerico flavor.<\/p>\n<p><strong>Box with 9 handmade dark chocolate bonbons.<\/strong><\/p>\n<ul>\n<li>3 Bonbons with FAMOUS Basil Filling<\/li>\n<li>3 Bonbons with Orange Filling<\/li>\n<li>3 Bonbons with Lemon Filling<\/li>\n<\/ul>\n<p>The pack of 3 Boxes 9 Bonbons &#8211; Fresca is available for EXCLUSIVE ONLINE PURCHASE.<\/p>\n","protected":false},"excerpt":{"rendered":"<p>In this Large and Fresh Box \u2013 Basil, Lemon, and Orange, surprise joins the usually delicious. The traditional flavors of orange and lemon are accompanied by the surprising filling of basil. It includes 9 dark chocolate bonbons (minimum 54% cocoa) with fresh fillings: three lemon bonbons, three basil bonbons, and three orange bonbons.<\/p>\n<p>The Manjerico bombom is an innovation by Peda\u00e7os de Cacau, inspired by the festivities of S\u00e3o Jo\u00e3o.<\/p>\n<p>All our bonbons are handmade and decorated with great care and attention to detail.<\/p>\n<p>The lemon truffle was awarded by the Great Taste Awards 2016 as the Best Flavor with one star.<\/p>\n<p>The orange truffle was awarded the Best of the Best medal at the National Traditional Chocolates Competition 2017.<\/p>\n<p>The Manjerico (Basil) truffle is an innovation by Peda\u00e7os de Cacau that was awarded &#8220;Best Flavor with 3 stars&#8221; at the Great Taste Awards 2019 &#8211; a prize for the &#8220;most exquisite products in the market. It was described by the jury as &#8220;interesting and innovative<\/p>\n<p>The orange-flavored bonbon was awarded the &#8220;Best of the Best&#8221; medal at the National Artisanal Chocolate Contest in 2017.<\/p>\n","protected":false},"featured_media":49686,"comment_status":"open","ping_status":"closed","template":"","meta":{"inline_featured_image":false},"product_brand":[],"product_cat":[700,701],"product_tag":[707,708,709,676,702,703,704,705,706],"class_list":{"0":"post-39165","1":"product","2":"type-product","3":"status-publish","4":"has-post-thumbnail","6":"product_cat-bonbons","7":"product_cat-popular-saints","8":"product_tag-crispy-cocoa","9":"product_tag-orange","10":"product_tag-bonbons","11":"product_tag-dark-chocolate","12":"product_tag-54-cocoa","13":"product_tag-handmade-chocolates","14":"product_tag-with-awards","15":"product_tag-manjerico-en","16":"product_tag-fillings","18":"first","19":"instock","20":"taxable","21":"shipping-taxable","22":"purchasable","23":"product-type-variable"},"yoast_head":"<!-- This site is optimized with the Yoast SEO plugin v27.3 - https:\/\/yoast.com\/product\/yoast-seo-wordpress\/ -->\n<title>Box of 9 Fresh Truffles - Peda\u00e7os de Cacau<\/title>\n<meta name=\"description\" content=\"The chocolate box that combines the traditional flavors of orange and lemon with the highly anticipated and surprising manjerico (basil) bonbon.\" \/>\n<meta name=\"robots\" content=\"index, follow, max-snippet:-1, max-image-preview:large, max-video-preview:-1\" \/>\n<link rel=\"canonical\" href=\"https:\/\/pedacosdecacau.pt\/en\/popular-saints\/box-of-9-fresh-truffles\/\" \/>\n<meta property=\"og:locale\" content=\"en_US\" \/>\n<meta property=\"og:type\" content=\"article\" \/>\n<meta property=\"og:title\" content=\"Box of 9 Fresh Truffles - Peda\u00e7os de Cacau\" \/>\n<meta property=\"og:description\" content=\"The chocolate box that combines the traditional flavors of orange and lemon with the highly anticipated and surprising manjerico (basil) bonbon.\" \/>\n<meta property=\"og:url\" content=\"https:\/\/pedacosdecacau.pt\/en\/popular-saints\/box-of-9-fresh-truffles\/\" \/>\n<meta property=\"og:site_name\" content=\"Peda\u00e7os de Cacau\" \/>\n<meta property=\"og:image\" content=\"https:\/\/pedacosdecacau.pt\/wp-content\/uploads\/2023\/05\/caixa-fresca-3-min-1-scaled.jpg\" \/>\n\t<meta property=\"og:image:width\" content=\"2560\" \/>\n\t<meta property=\"og:image:height\" content=\"2498\" \/>\n\t<meta property=\"og:image:type\" content=\"image\/jpeg\" \/>\n<meta name=\"twitter:card\" content=\"summary_large_image\" \/>\n<script type=\"application\/ld+json\" class=\"yoast-schema-graph\">{\"@context\":\"https:\\\/\\\/schema.org\",\"@graph\":[{\"@type\":\"WebPage\",\"@id\":\"https:\\\/\\\/pedacosdecacau.pt\\\/en\\\/popular-saints\\\/box-of-9-fresh-truffles\\\/\",\"url\":\"https:\\\/\\\/pedacosdecacau.pt\\\/en\\\/popular-saints\\\/box-of-9-fresh-truffles\\\/\",\"name\":\"Box of 9 Fresh Truffles - Peda\u00e7os de Cacau\",\"isPartOf\":{\"@id\":\"https:\\\/\\\/www.pedacosdecacau.pt\\\/en\\\/#website\"},\"primaryImageOfPage\":{\"@id\":\"https:\\\/\\\/pedacosdecacau.pt\\\/en\\\/popular-saints\\\/box-of-9-fresh-truffles\\\/#primaryimage\"},\"image\":{\"@id\":\"https:\\\/\\\/pedacosdecacau.pt\\\/en\\\/popular-saints\\\/box-of-9-fresh-truffles\\\/#primaryimage\"},\"thumbnailUrl\":\"https:\\\/\\\/pedacosdecacau.pt\\\/wp-content\\\/uploads\\\/2023\\\/05\\\/caixa-fresca-3-scaled.jpg\",\"datePublished\":\"2023-05-17T11:31:14+00:00\",\"description\":\"The chocolate box that combines the traditional flavors of orange and lemon with the highly anticipated and surprising manjerico (basil) bonbon.\",\"breadcrumb\":{\"@id\":\"https:\\\/\\\/pedacosdecacau.pt\\\/en\\\/popular-saints\\\/box-of-9-fresh-truffles\\\/#breadcrumb\"},\"inLanguage\":\"en-US\",\"potentialAction\":[{\"@type\":\"ReadAction\",\"target\":[\"https:\\\/\\\/pedacosdecacau.pt\\\/en\\\/popular-saints\\\/box-of-9-fresh-truffles\\\/\"]}]},{\"@type\":\"ImageObject\",\"inLanguage\":\"en-US\",\"@id\":\"https:\\\/\\\/pedacosdecacau.pt\\\/en\\\/popular-saints\\\/box-of-9-fresh-truffles\\\/#primaryimage\",\"url\":\"https:\\\/\\\/pedacosdecacau.pt\\\/wp-content\\\/uploads\\\/2023\\\/05\\\/caixa-fresca-3-scaled.jpg\",\"contentUrl\":\"https:\\\/\\\/pedacosdecacau.pt\\\/wp-content\\\/uploads\\\/2023\\\/05\\\/caixa-fresca-3-scaled.jpg\",\"width\":2560,\"height\":2498,\"caption\":\"caixa 9 bombons fresca manjerico\"},{\"@type\":\"BreadcrumbList\",\"@id\":\"https:\\\/\\\/pedacosdecacau.pt\\\/en\\\/popular-saints\\\/box-of-9-fresh-truffles\\\/#breadcrumb\",\"itemListElement\":[{\"@type\":\"ListItem\",\"position\":1,\"name\":\"In\u00edcio\",\"item\":\"https:\\\/\\\/pedacosdecacau.pt\\\/en\\\/\"},{\"@type\":\"ListItem\",\"position\":2,\"name\":\"Loja\",\"item\":\"https:\\\/\\\/www.pedacosdecacau.pt\\\/loja-online\\\/\"},{\"@type\":\"ListItem\",\"position\":3,\"name\":\"Box of 9 Fresh Truffles\"}]},{\"@type\":\"WebSite\",\"@id\":\"https:\\\/\\\/www.pedacosdecacau.pt\\\/en\\\/#website\",\"url\":\"https:\\\/\\\/www.pedacosdecacau.pt\\\/en\\\/\",\"name\":\"Peda\u00e7os de Cacau\",\"description\":\"Mais um site WordPress\",\"publisher\":{\"@id\":\"https:\\\/\\\/www.pedacosdecacau.pt\\\/en\\\/#organization\"},\"potentialAction\":[{\"@type\":\"SearchAction\",\"target\":{\"@type\":\"EntryPoint\",\"urlTemplate\":\"https:\\\/\\\/www.pedacosdecacau.pt\\\/en\\\/?s={search_term_string}\"},\"query-input\":{\"@type\":\"PropertyValueSpecification\",\"valueRequired\":true,\"valueName\":\"search_term_string\"}}],\"inLanguage\":\"en-US\"},{\"@type\":\"Organization\",\"@id\":\"https:\\\/\\\/www.pedacosdecacau.pt\\\/en\\\/#organization\",\"name\":\"Peda\u00e7os de Cacau\",\"url\":\"https:\\\/\\\/www.pedacosdecacau.pt\\\/en\\\/\",\"logo\":{\"@type\":\"ImageObject\",\"inLanguage\":\"en-US\",\"@id\":\"https:\\\/\\\/www.pedacosdecacau.pt\\\/en\\\/#\\\/schema\\\/logo\\\/image\\\/\",\"url\":\"https:\\\/\\\/pedacosdecacau.pt\\\/wp-content\\\/uploads\\\/2025\\\/09\\\/cropped-PDC_BrancoSemFundo-4.png\",\"contentUrl\":\"https:\\\/\\\/pedacosdecacau.pt\\\/wp-content\\\/uploads\\\/2025\\\/09\\\/cropped-PDC_BrancoSemFundo-4.png\",\"width\":1059,\"height\":712,\"caption\":\"Peda\u00e7os de Cacau\"},\"image\":{\"@id\":\"https:\\\/\\\/www.pedacosdecacau.pt\\\/en\\\/#\\\/schema\\\/logo\\\/image\\\/\"}}]}<\/script>\n<!-- \/ Yoast SEO plugin. -->","yoast_head_json":{"title":"Box of 9 Fresh Truffles - Peda\u00e7os de Cacau","description":"The chocolate box that combines the traditional flavors of orange and lemon with the highly anticipated and surprising manjerico (basil) bonbon.","robots":{"index":"index","follow":"follow","max-snippet":"max-snippet:-1","max-image-preview":"max-image-preview:large","max-video-preview":"max-video-preview:-1"},"canonical":"https:\/\/pedacosdecacau.pt\/en\/popular-saints\/box-of-9-fresh-truffles\/","og_locale":"en_US","og_type":"article","og_title":"Box of 9 Fresh Truffles - Peda\u00e7os de Cacau","og_description":"The chocolate box that combines the traditional flavors of orange and lemon with the highly anticipated and surprising manjerico (basil) bonbon.","og_url":"https:\/\/pedacosdecacau.pt\/en\/popular-saints\/box-of-9-fresh-truffles\/","og_site_name":"Peda\u00e7os de Cacau","og_image":[{"width":2560,"height":2498,"url":"https:\/\/pedacosdecacau.pt\/wp-content\/uploads\/2023\/05\/caixa-fresca-3-min-1-scaled.jpg","type":"image\/jpeg"}],"twitter_card":"summary_large_image","schema":{"@context":"https:\/\/schema.org","@graph":[{"@type":"WebPage","@id":"https:\/\/pedacosdecacau.pt\/en\/popular-saints\/box-of-9-fresh-truffles\/","url":"https:\/\/pedacosdecacau.pt\/en\/popular-saints\/box-of-9-fresh-truffles\/","name":"Box of 9 Fresh Truffles - Peda\u00e7os de Cacau","isPartOf":{"@id":"https:\/\/www.pedacosdecacau.pt\/en\/#website"},"primaryImageOfPage":{"@id":"https:\/\/pedacosdecacau.pt\/en\/popular-saints\/box-of-9-fresh-truffles\/#primaryimage"},"image":{"@id":"https:\/\/pedacosdecacau.pt\/en\/popular-saints\/box-of-9-fresh-truffles\/#primaryimage"},"thumbnailUrl":"https:\/\/pedacosdecacau.pt\/wp-content\/uploads\/2023\/05\/caixa-fresca-3-scaled.jpg","datePublished":"2023-05-17T11:31:14+00:00","description":"The chocolate box that combines the traditional flavors of orange and lemon with the highly anticipated and surprising manjerico (basil) bonbon.","breadcrumb":{"@id":"https:\/\/pedacosdecacau.pt\/en\/popular-saints\/box-of-9-fresh-truffles\/#breadcrumb"},"inLanguage":"en-US","potentialAction":[{"@type":"ReadAction","target":["https:\/\/pedacosdecacau.pt\/en\/popular-saints\/box-of-9-fresh-truffles\/"]}]},{"@type":"ImageObject","inLanguage":"en-US","@id":"https:\/\/pedacosdecacau.pt\/en\/popular-saints\/box-of-9-fresh-truffles\/#primaryimage","url":"https:\/\/pedacosdecacau.pt\/wp-content\/uploads\/2023\/05\/caixa-fresca-3-scaled.jpg","contentUrl":"https:\/\/pedacosdecacau.pt\/wp-content\/uploads\/2023\/05\/caixa-fresca-3-scaled.jpg","width":2560,"height":2498,"caption":"caixa 9 bombons fresca manjerico"},{"@type":"BreadcrumbList","@id":"https:\/\/pedacosdecacau.pt\/en\/popular-saints\/box-of-9-fresh-truffles\/#breadcrumb","itemListElement":[{"@type":"ListItem","position":1,"name":"In\u00edcio","item":"https:\/\/pedacosdecacau.pt\/en\/"},{"@type":"ListItem","position":2,"name":"Loja","item":"https:\/\/www.pedacosdecacau.pt\/loja-online\/"},{"@type":"ListItem","position":3,"name":"Box of 9 Fresh Truffles"}]},{"@type":"WebSite","@id":"https:\/\/www.pedacosdecacau.pt\/en\/#website","url":"https:\/\/www.pedacosdecacau.pt\/en\/","name":"Peda\u00e7os de Cacau","description":"Mais um site WordPress","publisher":{"@id":"https:\/\/www.pedacosdecacau.pt\/en\/#organization"},"potentialAction":[{"@type":"SearchAction","target":{"@type":"EntryPoint","urlTemplate":"https:\/\/www.pedacosdecacau.pt\/en\/?s={search_term_string}"},"query-input":{"@type":"PropertyValueSpecification","valueRequired":true,"valueName":"search_term_string"}}],"inLanguage":"en-US"},{"@type":"Organization","@id":"https:\/\/www.pedacosdecacau.pt\/en\/#organization","name":"Peda\u00e7os de Cacau","url":"https:\/\/www.pedacosdecacau.pt\/en\/","logo":{"@type":"ImageObject","inLanguage":"en-US","@id":"https:\/\/www.pedacosdecacau.pt\/en\/#\/schema\/logo\/image\/","url":"https:\/\/pedacosdecacau.pt\/wp-content\/uploads\/2025\/09\/cropped-PDC_BrancoSemFundo-4.png","contentUrl":"https:\/\/pedacosdecacau.pt\/wp-content\/uploads\/2025\/09\/cropped-PDC_BrancoSemFundo-4.png","width":1059,"height":712,"caption":"Peda\u00e7os de Cacau"},"image":{"@id":"https:\/\/www.pedacosdecacau.pt\/en\/#\/schema\/logo\/image\/"}}]}},"_links":{"self":[{"href":"https:\/\/pedacosdecacau.pt\/en\/wp-json\/wp\/v2\/product\/39165","targetHints":{"allow":["GET"]}}],"collection":[{"href":"https:\/\/pedacosdecacau.pt\/en\/wp-json\/wp\/v2\/product"}],"about":[{"href":"https:\/\/pedacosdecacau.pt\/en\/wp-json\/wp\/v2\/types\/product"}],"replies":[{"embeddable":true,"href":"https:\/\/pedacosdecacau.pt\/en\/wp-json\/wp\/v2\/comments?post=39165"}],"wp:featuredmedia":[{"embeddable":true,"href":"https:\/\/pedacosdecacau.pt\/en\/wp-json\/wp\/v2\/media\/49686"}],"wp:attachment":[{"href":"https:\/\/pedacosdecacau.pt\/en\/wp-json\/wp\/v2\/media?parent=39165"}],"wp:term":[{"taxonomy":"product_brand","embeddable":true,"href":"https:\/\/pedacosdecacau.pt\/en\/wp-json\/wp\/v2\/product_brand?post=39165"},{"taxonomy":"product_cat","embeddable":true,"href":"https:\/\/pedacosdecacau.pt\/en\/wp-json\/wp\/v2\/product_cat?post=39165"},{"taxonomy":"product_tag","embeddable":true,"href":"https:\/\/pedacosdecacau.pt\/en\/wp-json\/wp\/v2\/product_tag?post=39165"}],"curies":[{"name":"wp","href":"https:\/\/api.w.org\/{rel}","templated":true}]}}